{"id":152,"date":"2020-10-09T12:05:50","date_gmt":"2020-10-09T10:05:50","guid":{"rendered":"https:\/\/www.cacbgi.cat\/?page_id=152"},"modified":"2021-05-04T14:17:14","modified_gmt":"2021-05-04T12:17:14","slug":"avis-legal","status":"publish","type":"page","link":"https:\/\/www.cacbgi.cat\/es\/avis-legal\/","title":{"rendered":"Aviso legal"},"content":{"rendered":"<div data-elementor-type=\"wp-page\" data-elementor-id=\"152\" class=\"elementor elementor-152\" data-elementor-post-type=\"page\">\n\t\t\t\t\t\t<div class=\"elementor-inner\">\n\t\t\t\t<div class=\"elementor-section-wrap\">\n\t\t\t\t\t\t\t\t\t<section data-particle_enable=\"false\" data-particle-mobile-disabled=\"false\" class=\"elementor-section elementor-top-section elementor-element elementor-element-b888ad1 elementor-section-boxed elementor-section-height-default elementor-section-height-default\" data-id=\"b888ad1\" data-element_type=\"section\">\n\t\t\t\t\t\t<div class=\"elementor-container elementor-column-gap-default\">\n\t\t\t\t\t\t\t<div class=\"elementor-row\">\n\t\t\t\t\t<div class=\"elementor-column elementor-col-100 elementor-top-column elementor-element elementor-element-5c10334\" data-id=\"5c10334\" data-element_type=\"column\">\n\t\t\t<div class=\"elementor-column-wrap elementor-element-populated\">\n\t\t\t\t\t\t\t<div class=\"elementor-widget-wrap\">\n\t\t\t\t\t\t<div class=\"elementor-element elementor-element-11ea2ab elementor-widget elementor-widget-spacer\" data-id=\"11ea2ab\" data-element_type=\"widget\" data-widget_type=\"spacer.default\">\n\t\t\t\t<div class=\"elementor-widget-container\">\n\t\t\t\t\t<div class=\"elementor-spacer\">\n\t\t\t<div class=\"elementor-spacer-inner\"><\/div>\n\t\t<\/div>\n\t\t\t\t<\/div>\n\t\t\t\t<\/div>\n\t\t\t\t<div class=\"elementor-element elementor-element-2b01b4c elementor-widget elementor-widget-text-editor\" data-id=\"2b01b4c\" data-element_type=\"widget\" data-widget_type=\"text-editor.default\">\n\t\t\t\t<div class=\"elementor-widget-container\">\n\t\t\t\t\t\t\t\t<div class=\"elementor-text-editor elementor-clearfix\">\n\t\t\t\t<h4>Aviso legal<\/h4><p>Aquest lloc web i el seu domini corresponen al Consorci d&#8217;Aig\u00fces Costa Brava Girona, amb domicili a la pla\u00e7a Josep Pla n\u00fam. 4, 3r 1a Girona (17001), CIF P1700010J, tel + 34 972 20 14 67 i adre\u00e7a electr\u00f2nica <a href=\"mailto:info@cacbgi.cat?subject=Av&amp;iacutes legal\">info@cacbgi.cat<\/a>.<\/p><hr \/><p>La informaci\u00f3 facilitada per mitj\u00e0 d\u2019aquest lloc web no substitueix la que figura a la seu electr\u00f2nica del Consorci o en els canals i plataformes de seu electr\u00f2nica adoptats pel Consorci, \u00fanica que t\u00e9 plena validesa legal. El Consorci no es fa responsable del contingut, exactitud i actualitzaci\u00f3 de la informaci\u00f3 que prov\u00e9 d\u2019altres persones que figuri al lloc web o a la que es faci remissi\u00f3 per mitj\u00e0 d\u2019enlla\u00e7os o altres sistemes.<\/p><hr \/><p>El lloc web i els seus continguts, incloent-hi els textos, imatges, gr\u00e0fics, bases de dades i qualsevol altre material, es posen a disposici\u00f3 p\u00fablica amb finalitats d\u2019informaci\u00f3 i per a oferir serveis en el marc de les compet\u00e8ncies i funcions pr\u00f2pies de del Consorci. Existeixen drets de propietat intel\u00b7lectual sobre alguns d\u2019aquests continguts que corresponen o b\u00e9 al Consorci o a terceres persones que n\u2019han autoritzat la utilitzaci\u00f3 per aquest mitj\u00e0. De forma general, i llevat que s\u2019indiqui el contrari de forma expressa per a casos singulars, es pot portar a terme la reproducci\u00f3, distribuci\u00f3 i comunicaci\u00f3 p\u00fablica dels continguts d\u2019aquest lloc web sempre que quedi const\u00e0ncia de la proced\u00e8ncia. No obstant, no es podran utilitzar els continguts per a usos comercials, ni fer-ne obres derivades, sense autoritzaci\u00f3 expressa del Consorci. L\u2019escut oficial del Consorci i els altres dissenys i logotips que l\u2019identifiquen nom\u00e9s poden ser reprodu\u00efts i utilitzats amb autoritzaci\u00f3 pr\u00e8via del Consorci, o b\u00e9 quan es tracti d\u2019identificar activitats o iniciatives que compten amb el suport expl\u00edcit del Consorci. El Consorci n\u2019autoritza tamb\u00e9 usos no lucratius amb finalitats educatives, de recerca, estudi o difusi\u00f3 cultural. No s\u2019autoritzen presentacions dels continguts d\u2019aquest lloc en una finestra aliena (framing) sense autoritzaci\u00f3 expressa i per escrit del Consorci. En l\u2019exercici de les seves compet\u00e8ncies i funcions el Consorci tracta dades de car\u00e0cter personal. A aquest lloc web i a la seu electr\u00f2nica del Consorci figuren formularis que permeten al Consorci obtenir dades. Els formularis informen de les finalitats de la recollida i dels aspectes m\u00e9s rellevants del tractament. En<a href=\"https:\/\/www.cacbgi.cat\/es\/politica-de-privacitat\/\"> aquest enlla\u00e7<\/a> figura informaci\u00f3 sobre la Pol\u00edtica de protecci\u00f3 de dades del Consorci.<\/p><hr \/><p>El Consorci informa que aquest lloc web utilitza galetes (cookies) que permeten fer m\u00e9s c\u00f2mode i r\u00e0pida la comunicaci\u00f3 que s\u2019estableix entre ell i el lloc web. La vig\u00e8ncia d\u2019aquestes galetes es limita a la necess\u00e0ria per aconseguir aquests objectius. L\u2019usuari t\u00e9 la possibilitat de configurar el seu navegador d\u2019Internet per a obtenir un millor coneixement i control de les galetes. Vost\u00e8 ha estat informat pr\u00e8viament de la seva instal\u00b7laci\u00f3. Trobar\u00e0 m\u00e9s informaci\u00f3 sobre la Pol\u00edtica de Cookies en <a href=\"https:\/\/www.cacbgi.cat\/es\/politica-de-cookies\/\">aquest enlla\u00e7<\/a>.<\/p><hr \/><p>El Consorci no es fa responsable davant dels usuaris del seu lloc web dels possibles danys o perjudicis que es puguin derivar d\u2019interfer\u00e8ncies, omissions, interrupcions, virus inform\u00e0tics, sobrec\u00e0rrega de les l\u00ednies, avaries o desconnexions quan estiguin motivades per causes que li s\u00f3n alienes. Tampoc no se\u2019n fa dels danys que puguin ser causats per terceres persones mitjan\u00e7ant intromissions il\u00b7leg\u00edtimes fora del control del Consorci. Sempre que sigui possible advertir\u00e0 pr\u00e8viament de les interrupcions en el funcionament del web i dels serveis.<\/p>\t\t\t\t\t<\/div>\n\t\t\t\t\t\t<\/div>\n\t\t\t\t<\/div>\n\t\t\t\t<div class=\"elementor-element elementor-element-2f29b4b elementor-widget elementor-widget-spacer\" data-id=\"2f29b4b\" data-element_type=\"widget\" data-widget_type=\"spacer.default\">\n\t\t\t\t<div class=\"elementor-widget-container\">\n\t\t\t\t\t<div class=\"elementor-spacer\">\n\t\t\t<div class=\"elementor-spacer-inner\"><\/div>\n\t\t<\/div>\n\t\t\t\t<\/div>\n\t\t\t\t<\/div>\n\t\t\t\t\t\t<\/div>\n\t\t\t\t\t<\/div>\n\t\t<\/div>\n\t\t\t\t\t\t\t\t<\/div>\n\t\t\t\t\t<\/div>\n\t\t<\/section>\n\t\t\t\t\t\t\t\t\t<\/div>\n\t\t\t<\/div>\n\t\t\t\t\t<\/div>","protected":false},"excerpt":{"rendered":"<p>Av\u00eds legal Aquest lloc web i el seu domini corresponen al Consorci d&#8217;Aig\u00fces Costa Brava Girona, amb domicili a la pla\u00e7a Josep Pla n\u00fam. 4, 3r 1a Girona (17001), CIF P1700010J, tel + 34 972 20 14 67 i adre\u00e7a electr\u00f2nica info@cacbgi.cat. La informaci\u00f3 facilitada per mitj\u00e0 d\u2019aquest lloc web no substitueix la que figura [&hellip;]<\/p>","protected":false},"author":1,"featured_media":0,"parent":0,"menu_order":0,"comment_status":"closed","ping_status":"closed","template":"","meta":[],"acf":[],"yoast_head":"<!-- This site is optimized with the Yoast SEO Premium plugin v15.9.1 - https:\/\/yoast.com\/wordpress\/plugins\/seo\/ -->\n<title>Av\u00eds legal - CACBGI<\/title>\n<meta property=\"og:locale\" content=\"es_ES\" \/>\n<meta property=\"og:type\" content=\"article\" \/>\n<meta property=\"og:title\" content=\"Av\u00eds legal - CACBGI\" \/>\n<meta property=\"og:description\" content=\"Av\u00eds legal Aquest lloc web i el seu domini corresponen al Consorci d&#8217;Aig\u00fces Costa Brava Girona, amb domicili a la pla\u00e7a Josep Pla n\u00fam. 4, 3r 1a Girona (17001), CIF P1700010J, tel + 34 972 20 14 67 i adre\u00e7a electr\u00f2nica info@cacbgi.cat. La informaci\u00f3 facilitada per mitj\u00e0 d\u2019aquest lloc web no substitueix la que figura [&hellip;]\" \/>\n<meta property=\"og:url\" content=\"https:\/\/www.cacbgi.cat\/es\/avis-legal\/\" \/>\n<meta property=\"og:site_name\" content=\"CACBGI\" \/>\n<meta property=\"article:modified_time\" content=\"2021-05-04T12:17:14+00:00\" \/>\n<meta name=\"twitter:card\" content=\"summary_large_image\" \/>\n<meta name=\"twitter:label1\" content=\"Tiempo de lectura\">\n\t<meta name=\"twitter:data1\" content=\"3 minutos\">\n<script type=\"application\/ld+json\" class=\"yoast-schema-graph\">{\"@context\":\"https:\/\/schema.org\",\"@graph\":[{\"@type\":\"WebSite\",\"@id\":\"https:\/\/www.cacbgi.cat\/#website\",\"url\":\"https:\/\/www.cacbgi.cat\/\",\"name\":\"CACBGI\",\"description\":\"Consorci d&#039;Aig\\u00fces Costa Brava, Girona\",\"potentialAction\":[{\"@type\":\"SearchAction\",\"target\":\"https:\/\/www.cacbgi.cat\/?s={search_term_string}\",\"query-input\":\"required name=search_term_string\"}],\"inLanguage\":\"es\"},{\"@type\":\"WebPage\",\"@id\":\"https:\/\/www.cacbgi.cat\/avis-legal\/#webpage\",\"url\":\"https:\/\/www.cacbgi.cat\/avis-legal\/\",\"name\":\"Av\\u00eds legal - CACBGI\",\"isPartOf\":{\"@id\":\"https:\/\/www.cacbgi.cat\/#website\"},\"datePublished\":\"2020-10-09T10:05:50+00:00\",\"dateModified\":\"2021-05-04T12:17:14+00:00\",\"breadcrumb\":{\"@id\":\"https:\/\/www.cacbgi.cat\/avis-legal\/#breadcrumb\"},\"inLanguage\":\"es\",\"potentialAction\":[{\"@type\":\"ReadAction\",\"target\":[\"https:\/\/www.cacbgi.cat\/avis-legal\/\"]}]},{\"@type\":\"BreadcrumbList\",\"@id\":\"https:\/\/www.cacbgi.cat\/avis-legal\/#breadcrumb\",\"itemListElement\":[{\"@type\":\"ListItem\",\"position\":1,\"item\":{\"@type\":\"WebPage\",\"@id\":\"https:\/\/www.cacbgi.cat\/\",\"url\":\"https:\/\/www.cacbgi.cat\/\",\"name\":\"Home\"}},{\"@type\":\"ListItem\",\"position\":2,\"item\":{\"@type\":\"WebPage\",\"@id\":\"https:\/\/www.cacbgi.cat\/avis-legal\/\",\"url\":\"https:\/\/www.cacbgi.cat\/avis-legal\/\",\"name\":\"Av\\u00eds legal\"}}]}]}<\/script>\n<!-- \/ Yoast SEO Premium plugin. -->","_links":{"self":[{"href":"https:\/\/www.cacbgi.cat\/es\/wp-json\/wp\/v2\/pages\/152"}],"collection":[{"href":"https:\/\/www.cacbgi.cat\/es\/wp-json\/wp\/v2\/pages"}],"about":[{"href":"https:\/\/www.cacbgi.cat\/es\/wp-json\/wp\/v2\/types\/page"}],"author":[{"embeddable":true,"href":"https:\/\/www.cacbgi.cat\/es\/wp-json\/wp\/v2\/users\/1"}],"replies":[{"embeddable":true,"href":"https:\/\/www.cacbgi.cat\/es\/wp-json\/wp\/v2\/comments?post=152"}],"version-history":[{"count":14,"href":"https:\/\/www.cacbgi.cat\/es\/wp-json\/wp\/v2\/pages\/152\/revisions"}],"predecessor-version":[{"id":4930,"href":"https:\/\/www.cacbgi.cat\/es\/wp-json\/wp\/v2\/pages\/152\/revisions\/4930"}],"wp:attachment":[{"href":"https:\/\/www.cacbgi.cat\/es\/wp-json\/wp\/v2\/media?parent=152"}],"curies":[{"name":"wp","href":"https:\/\/api.w.org\/{rel}","templated":true}]}}