{"id":154,"date":"2020-10-09T12:05:59","date_gmt":"2020-10-09T10:05:59","guid":{"rendered":"https:\/\/www.cacbgi.cat\/?page_id=154"},"modified":"2021-11-23T15:21:37","modified_gmt":"2021-11-23T14:21:37","slug":"politica-de-privacitat","status":"publish","type":"page","link":"https:\/\/www.cacbgi.cat\/es\/politica-de-privacitat\/","title":{"rendered":"Pol\u00edtica de privacidad"},"content":{"rendered":"<div data-elementor-type=\"wp-page\" data-elementor-id=\"154\" class=\"elementor elementor-154\" data-elementor-post-type=\"page\">\n\t\t\t\t\t\t<div class=\"elementor-inner\">\n\t\t\t\t<div class=\"elementor-section-wrap\">\n\t\t\t\t\t\t\t\t\t<section data-particle_enable=\"false\" data-particle-mobile-disabled=\"false\" class=\"elementor-section elementor-top-section elementor-element elementor-element-d29c291 elementor-section-boxed elementor-section-height-default elementor-section-height-default\" data-id=\"d29c291\" data-element_type=\"section\">\n\t\t\t\t\t\t<div class=\"elementor-container elementor-column-gap-default\">\n\t\t\t\t\t\t\t<div class=\"elementor-row\">\n\t\t\t\t\t<div class=\"elementor-column elementor-col-100 elementor-top-column elementor-element elementor-element-030ae33\" data-id=\"030ae33\" data-element_type=\"column\">\n\t\t\t<div class=\"elementor-column-wrap elementor-element-populated\">\n\t\t\t\t\t\t\t<div class=\"elementor-widget-wrap\">\n\t\t\t\t\t\t<div class=\"elementor-element elementor-element-4f30a26 elementor-widget elementor-widget-spacer\" data-id=\"4f30a26\" data-element_type=\"widget\" data-widget_type=\"spacer.default\">\n\t\t\t\t<div class=\"elementor-widget-container\">\n\t\t\t\t\t<div class=\"elementor-spacer\">\n\t\t\t<div class=\"elementor-spacer-inner\"><\/div>\n\t\t<\/div>\n\t\t\t\t<\/div>\n\t\t\t\t<\/div>\n\t\t\t\t<div class=\"elementor-element elementor-element-c18aaff elementor-widget elementor-widget-text-editor\" data-id=\"c18aaff\" data-element_type=\"widget\" data-widget_type=\"text-editor.default\">\n\t\t\t\t<div class=\"elementor-widget-container\">\n\t\t\t\t\t\t\t\t<div class=\"elementor-text-editor elementor-clearfix\">\n\t\t\t\t<p><strong>POL\u00cdTICA DE PROTECCI\u00d3 DE DADES<\/strong><\/p><p>Aquesta \u00e9s la pol\u00edtica de protecci\u00f3 de dades del Consorci d&#8217;Aig\u00fces Costa Brava Girona. D\u00f3na compliment al Reglament General de Protecci\u00f3 de Dades (Reglament (UE) 2016\/679 del Parlament Europeu i del Consell, de 27 d&#8217;abril de 2016) i la Llei org\u00e0nica 3\/2018, de 5 de desembre, de protecci\u00f3 de dades personals i garantia dels drets digitals.<\/p><div class=\"page\" title=\"Page 1\"><div class=\"section\"><div class=\"layoutArea\"><div class=\"column\"><p><strong>Qui e\u0301s el responsable del tractament de les dades personals?<\/strong><\/p><p>El responsable del tractament de les dades personals e\u0301s el Consorci d&#8217;Aig\u00fces Costa Brava Girona amb CIF P-1700010-J i domicili a plac\u0327a Josep Pla, 4, 3r 1a de Girona (CP 17001) a\/e <a href=\"mailto:info@cacbgi.cat\">info@cacbgi.cat<\/a>, <a href=\"https:\/\/www.cacbgi.cat\/es\/\">https:\/\/www.cacbgi.cat<\/a>.<\/p><div class=\"page\" title=\"Page 1\"><div class=\"section\"><div class=\"layoutArea\"><div class=\"column\"><div class=\"page\" title=\"Page 1\"><div class=\"section\"><div class=\"layoutArea\"><div class=\"column\"><p><strong>Amb quins criteris tractem les dades personals.<\/strong><\/p><\/div><\/div><\/div><\/div><p>Tractem les dades u\u0301nicament quan tenim una base legal que ens ho permet. Els destinem a les finalitats determinades, expli\u0301cites i legi\u0301times que expliquem en el moment d\u2019obtenir-les. Tractem u\u0301nicament les adequades, pertinents i limitades al que e\u0301s necessari en cada cas. Ens esforcem perque\u0300 estiguin actualitzades i els conservem el temps necessari, complint les normes sobre conservacio\u0301 d\u2019informacio\u0301 pu\u0301blica. Apliquem les mesures te\u0300cniques o organitzatives adequades per evitar el tractament no autoritzat o il\u00b7li\u0301cit, o la seva pe\u0300rdua, destruccio\u0301 o dany accidental. Com a criteri general nome\u0301s poden comunicar dades les persones me\u0301s grans de 14 anys. En cas de menors de 14 anys e\u0301s necessa\u0300ria l\u2019autoritzacio\u0301 dels seus pares o representants legals.<\/p><div class=\"page\" title=\"Page 1\"><div class=\"section\"><div class=\"layoutArea\"><div class=\"column\"><p><strong>Qui e\u0301s el Delegat de Proteccio\u0301 de Dades.<\/strong><\/p><p>El Delegat de Proteccio\u0301 de Dades (DPD) supervisa el compliment de la normativa de proteccio\u0301 de dades, vetllant perque\u0300 es protegeixin els drets de les persones. Entre les seves funcions figura la d\u2019atendre les persones de qui es tracten dades si volen presentar una queixa o reclamacio\u0301. Per contactar amb el Delegat de Proteccio\u0301 de Dades es pot adrec\u0327ar un escrit al Consorci d&#8217;Aig\u00fces Costa Brava Girona o directament un correu a l\u2019adrec\u0327a dpd@ddgi.cat.<\/p><div class=\"page\" title=\"Page 1\"><div class=\"section\"><div class=\"layoutArea\"><div class=\"column\"><p><strong>Amb quina finalitat tractem les dades i a qui els comuniquem.<\/strong><\/p><div class=\"page\" title=\"Page 1\"><div class=\"section\"><div class=\"layoutArea\"><div class=\"column\"><p>El Consorci d&#8217;Aig\u00fces Costa Brava Girona tracta les dades per a exercir les seves compete\u0300ncies i funcions, i per oferir els serveis que es descriuen a la web i a la seu electro\u0300nica. Una descripci\u00f3 completa dels tractaments i de les finalitats a les que es destinen les dades figura al Registre de les Activitats de Tractament consultable en <a href=\"https:\/\/www.seu-e.cat\/documents\/7125872\/0\/Registre+de+les+Activitats+de+Tractament+del+CCB\/94daa2e2-b0e3-41e9-8859-4900ca031690\">aquest enlla\u00e7<\/a>. <span style=\"text-decoration: underline;\">Procediments administratius i tra\u0300mits<\/span>. Principalment a sol\u00b7licitud de persones particulars, utilitzem les seves dades per seguir la tramitacio\u0301 corresponent. El cata\u0300leg de tra\u0300mits es pot consultar a la <a href=\"https:\/\/www.seu-e.cat\/ca\/web\/ccbgi\">seu electro\u0300nica<\/a>. Segons el procediment les dades es poden comunicar a altres administracions competents en la mate\u0300ria o es poden publicar en compliment del principi de transpare\u0300ncia.<\/p><div class=\"page\" title=\"Page 1\"><div class=\"section\"><div class=\"layoutArea\"><div class=\"column\"><p><span style=\"text-decoration: underline;\">Servicios<\/span>. Per a la prestacio\u0301 dels serveis tractem les dades aportades per les persones usua\u0300ries. El cata\u0300leg de serveis es pot consultar a la <a href=\"https:\/\/www.seu-e.cat\/ca\/web\/ccbgi\">seu electro\u0300nica<\/a>. Com a criteri general les dades no es comuniquen a altres persones sense el consentiment de l\u2019usuari del servei.<\/p><div class=\"page\" title=\"Page 1\"><div class=\"section\"><div class=\"layoutArea\"><div class=\"column\"><p><span style=\"text-decoration: underline;\">Contacto<\/span>. Atenem les consultes de persones que utilitzen els formularis de contacte de la nostra web. Les dades s\u2019utilitzen u\u0301nicament per aquesta finalitat i no es comuniquen a altres persones.<\/p><p><span style=\"text-decoration: underline;\">Enviament d\u2019informaci\u00f3<\/span>. Amb autoritzaci\u00f3 pr\u00e8via utilitzem dades de contacte per informar dels\u00a0nostres serveis o activitats, pels canals autoritzats per cada persona. Les dades dels destinataris no es comuniquen a altres persones.<\/p><div class=\"page\" title=\"Page 1\"><div class=\"section\"><div class=\"layoutArea\"><div class=\"column\"><p><span style=\"text-decoration: underline;\">Gestio\u0301 de les dades dels nostres provei\u0308dors<\/span>. Registrem i tractem les dades dels provei\u0308dors de qui obtenim obres, serveis o be\u0301ns. Obtenim les dades imprescindibles per mantenir la relacio\u0301 comercial i els destinem u\u0301nicament a aquesta finalitat. En compliment d\u2019obligacions legals comuniquem dades a l\u2019administracio\u0301 tributa\u0300ria.<\/p><\/div><\/div><\/div><\/div><\/div><\/div><\/div><\/div><\/div><\/div><\/div><\/div><\/div><\/div><\/div><\/div><\/div><\/div><\/div><\/div><\/div><\/div><\/div><\/div><\/div><\/div><\/div><\/div><\/div><\/div><\/div><\/div>\t\t\t\t\t<\/div>\n\t\t\t\t\t\t<\/div>\n\t\t\t\t<\/div>\n\t\t\t\t<div class=\"elementor-element elementor-element-b756d39 elementor-widget elementor-widget-text-editor\" data-id=\"b756d39\" data-element_type=\"widget\" data-widget_type=\"text-editor.default\">\n\t\t\t\t<div class=\"elementor-widget-container\">\n\t\t\t\t\t\t\t\t<div class=\"elementor-text-editor elementor-clearfix\">\n\t\t\t\t<div class=\"page\" title=\"Page 1\"><div class=\"section\"><div class=\"layoutArea\"><div class=\"column\"><p><strong>Quina e\u0301s la legitimacio\u0301 legal per al tractament de les dades.<\/strong><\/p><p>Els tractaments de dades que portem a terme tenen diferents fonaments legals, segons la naturalesa de cada tractament.<\/p><div class=\"page\" title=\"Page 2\"><div class=\"section\"><div class=\"layoutArea\"><div class=\"column\"><p><span style=\"text-decoration: underline;\">Compliment d\u2019obligacions legals<\/span>. Els tractaments de les dades en el context de procediments administratius s\u2019efectua seguint les normes reguladores de cada un dels procediments.<\/p><p><span style=\"text-decoration: underline;\">Complir missio\u0301 en intere\u0300s pu\u0301blic<\/span>. Els tractaments resultants de la prestacio\u0301 dels nostres serveis es justifica per satisfer l\u2019intere\u0300s pu\u0301blic. Tambe\u0301 les imatges que obtenim amb les ca\u0300meres de videovigila\u0300ncia es tracten per preservar l\u2019intere\u0300s pu\u0301blic.<\/p><p><span style=\"text-decoration: underline;\">Compliment d\u2019una relacio\u0301 contractual o precontractual<\/span>. Tractem les dades dels nostres provei\u0308dors seguint la normativa de contractacio\u0301 pro\u0300pia del sector pu\u0301blic, amb l\u2019abast necessari per al desenvolupament de la relacio\u0301 contractual.<\/p><p><span style=\"text-decoration: underline;\">En base al consentiment<\/span>. Quan fem enviaments d\u2019informacio\u0301 de les nostres activitat o serveis tractem dades de contacte amb l\u2019autoritzacio\u0301 pre\u0300via del receptor.<\/p><p><strong>Quant de temps conservem les dades.<\/strong><\/p><p>El temps de conservaci\u00f3 de les dades ve determinat principalment pel fet que siguin necess\u00e0ries per atendre les finalitats per a les quals hagin estat recollides en cada cas. En segon lloc es\u00a0conserven per fer front a possibles responsabilitats pel tractament de les dades i per atendre requeriments d\u2019altres administracions p\u00fabliques o \u00f2rgans judicials.<\/p><p>En conseq\u00fc\u00e8ncia les dades s\u2019han de conservar durant el temps necessari, per\u00f2 no per un per\u00edode superior. En determinats casos, com el de les dades que figuren en la documentaci\u00f3 comptable i la facturaci\u00f3, la normativa fiscal obliga a conservar-les fins que no prescriguin les responsabilitats en aquesta mat\u00e8ria. En el cas de les dades que es tracten exclusivament en base al consentiment de la persona interessada es conserven fins que es revoca el consentiment.<\/p><div class=\"page\" title=\"Page 2\"><div class=\"section\"><div class=\"layoutArea\"><div class=\"column\"><p><strong>Quins drets tenen les persones en relacio\u0301 a les dades que tractem.<\/strong><\/p><p>Les persones de qui tractem dades tenen els drets segu\u0308ents:<\/p><p><span style=\"text-decoration: underline;\">A saber si es tracten<\/span>. Qualsevol persona te\u0301, en primer lloc, dret a saber si tractem les seves dades, amb independe\u0300ncia de si ha existit una relacio\u0301 pre\u0300via.<\/p><p><span style=\"text-decoration: underline;\">A ser informat en la recollida<\/span>. Quan les dades s\u2019obtenen del mateix interessat ha de tenir informacio\u0301 clara de les finalitats a les que es destinaran, de qui sera\u0300 el responsable del tractament i dels principals aspectes derivats d\u2019aquest tractament.<\/p><p><span style=\"text-decoration: underline;\">A accedir-hi<\/span>. Dret que permet saber quines dades personals so\u0301n objecte de tractament, quina e\u0301s la finalitat per la que es tracten, les comunicacions a altres persones que se\u2019n faran (si e\u0301s el cas) o el dret a obtenir-ne co\u0300pia o a saber el termini previst de conservacio\u0301.<\/p><p><span style=\"text-decoration: underline;\">A demanar-ne la rectificacio\u0301<\/span>. E\u0301s el dret a fer rectificar les dades inexactes que siguin objecte de tractament per part nostra.<\/p><p><span style=\"text-decoration: underline;\">A demanar-ne la supressio\u0301<\/span>. Es reconeix el dret a demanar la supressio\u0301 de les dades quan, entre altres motius, no siguin necessa\u0300ries per als fins per als quals van ser recollides.<\/p><p><span style=\"text-decoration: underline;\">A demanar la limitacio\u0301 del tractament<\/span>. Tambe\u0301 en determinades circumsta\u0300ncies es reconeix el dret a demanar la limitacio\u0301 del tractament de les dades. En aquest cas deixaran de ser tractades i nome\u0301s es conservaran per a l&#8217;exercici o la defensa de reclamacions.<\/p><p><span style=\"text-decoration: underline;\">A la portabilitat<\/span>. En els casos previstos a la normativa es reconeix el dret a obtenir les dades personals pro\u0300pies en un format d&#8217;u\u0301s comu\u0301.<\/p><p><span style=\"text-decoration: underline;\">A oposar-se al tractament<\/span>. Una persona pot adduir motius particulars que comportaran que deixin de tractar-se les seves dades en la mesura que el perjudiquin.<\/p><div class=\"page\" title=\"Page 2\"><div class=\"section\"><div class=\"layoutArea\"><div class=\"column\"><p><strong>Com es poden exercir o defensar els drets.<\/strong><\/p><p>Els drets que acabem d\u2019enumerar es poden exercir adrec\u0327ant una sol\u00b7licitud al Consorci d&#8217;Aig\u00fces Costa Brava Girona a l\u2019adrec\u0327a postal o a les altres dades de contacte indicades a l\u2019encapc\u0327alament.<br \/>E\u0301s tambe\u0301 possible presentar una reclamacio\u0301 davant l\u2019Autoritat Catalana de Proteccio\u0301 de Dades, per mitja\u0300 dels formularis o altres canals accessibles des de la seva web (www.apd.cat).<\/p><p>En qualsevol cas, per presentar reclamacions, demanar aclariments o fer arribar suggeriments, e\u0301s possible adrec\u0327ar-se a la Delegada de Proteccio\u0301 de Dades mitjanc\u0327ant missatge de correu electro\u0300nic a l\u2019adrec\u0327a dpd@ddgi.cat.<\/p><\/div><\/div><\/div><\/div><\/div><\/div><\/div><\/div><\/div><\/div><\/div><\/div><\/div><\/div><\/div><\/div>\t\t\t\t\t<\/div>\n\t\t\t\t\t\t<\/div>\n\t\t\t\t<\/div>\n\t\t\t\t<div class=\"elementor-element elementor-element-282f61c elementor-widget elementor-widget-spacer\" data-id=\"282f61c\" data-element_type=\"widget\" data-widget_type=\"spacer.default\">\n\t\t\t\t<div class=\"elementor-widget-container\">\n\t\t\t\t\t<div class=\"elementor-spacer\">\n\t\t\t<div class=\"elementor-spacer-inner\"><\/div>\n\t\t<\/div>\n\t\t\t\t<\/div>\n\t\t\t\t<\/div>\n\t\t\t\t\t\t<\/div>\n\t\t\t\t\t<\/div>\n\t\t<\/div>\n\t\t\t\t\t\t\t\t<\/div>\n\t\t\t\t\t<\/div>\n\t\t<\/section>\n\t\t\t\t\t\t\t\t\t<\/div>\n\t\t\t<\/div>\n\t\t\t\t\t<\/div>","protected":false},"excerpt":{"rendered":"<p>POL\u00cdTICA DE PROTECCI\u00d3 DE DADES Aquesta \u00e9s la pol\u00edtica de protecci\u00f3 de dades del Consorci d&#8217;Aig\u00fces Costa Brava Girona. D\u00f3na compliment al Reglament General de Protecci\u00f3 de Dades (Reglament (UE) 2016\/679 del Parlament Europeu i del Consell, de 27 d&#8217;abril de 2016) i la Llei org\u00e0nica 3\/2018, de 5 de desembre, de protecci\u00f3 de dades [&hellip;]<\/p>","protected":false},"author":1,"featured_media":0,"parent":0,"menu_order":0,"comment_status":"closed","ping_status":"closed","template":"","meta":[],"acf":[],"yoast_head":"<!-- This site is optimized with the Yoast SEO Premium plugin v15.9.1 - https:\/\/yoast.com\/wordpress\/plugins\/seo\/ -->\n<title>Pol\u00edtica de privacitat - CACBGI<\/title>\n<meta property=\"og:locale\" content=\"es_ES\" \/>\n<meta property=\"og:type\" content=\"article\" \/>\n<meta property=\"og:title\" content=\"Pol\u00edtica de privacitat - CACBGI\" \/>\n<meta property=\"og:description\" content=\"POL\u00cdTICA DE PROTECCI\u00d3 DE DADES Aquesta \u00e9s la pol\u00edtica de protecci\u00f3 de dades del Consorci d&#8217;Aig\u00fces Costa Brava Girona. D\u00f3na compliment al Reglament General de Protecci\u00f3 de Dades (Reglament (UE) 2016\/679 del Parlament Europeu i del Consell, de 27 d&#8217;abril de 2016) i la Llei org\u00e0nica 3\/2018, de 5 de desembre, de protecci\u00f3 de dades [&hellip;]\" \/>\n<meta property=\"og:url\" content=\"https:\/\/www.cacbgi.cat\/es\/politica-de-privacitat\/\" \/>\n<meta property=\"og:site_name\" content=\"CACBGI\" \/>\n<meta property=\"article:modified_time\" content=\"2021-11-23T14:21:37+00:00\" \/>\n<meta name=\"twitter:card\" content=\"summary_large_image\" \/>\n<meta name=\"twitter:label1\" content=\"Tiempo de lectura\">\n\t<meta name=\"twitter:data1\" content=\"6 minutos\">\n<script type=\"application\/ld+json\" class=\"yoast-schema-graph\">{\"@context\":\"https:\/\/schema.org\",\"@graph\":[{\"@type\":\"WebSite\",\"@id\":\"https:\/\/www.cacbgi.cat\/#website\",\"url\":\"https:\/\/www.cacbgi.cat\/\",\"name\":\"CACBGI\",\"description\":\"Consorci d&#039;Aig\\u00fces Costa Brava, Girona\",\"potentialAction\":[{\"@type\":\"SearchAction\",\"target\":\"https:\/\/www.cacbgi.cat\/?s={search_term_string}\",\"query-input\":\"required name=search_term_string\"}],\"inLanguage\":\"es\"},{\"@type\":\"WebPage\",\"@id\":\"https:\/\/www.cacbgi.cat\/politica-de-privacitat\/#webpage\",\"url\":\"https:\/\/www.cacbgi.cat\/politica-de-privacitat\/\",\"name\":\"Pol\\u00edtica de privacitat - CACBGI\",\"isPartOf\":{\"@id\":\"https:\/\/www.cacbgi.cat\/#website\"},\"datePublished\":\"2020-10-09T10:05:59+00:00\",\"dateModified\":\"2021-11-23T14:21:37+00:00\",\"breadcrumb\":{\"@id\":\"https:\/\/www.cacbgi.cat\/politica-de-privacitat\/#breadcrumb\"},\"inLanguage\":\"es\",\"potentialAction\":[{\"@type\":\"ReadAction\",\"target\":[\"https:\/\/www.cacbgi.cat\/politica-de-privacitat\/\"]}]},{\"@type\":\"BreadcrumbList\",\"@id\":\"https:\/\/www.cacbgi.cat\/politica-de-privacitat\/#breadcrumb\",\"itemListElement\":[{\"@type\":\"ListItem\",\"position\":1,\"item\":{\"@type\":\"WebPage\",\"@id\":\"https:\/\/www.cacbgi.cat\/\",\"url\":\"https:\/\/www.cacbgi.cat\/\",\"name\":\"Home\"}},{\"@type\":\"ListItem\",\"position\":2,\"item\":{\"@type\":\"WebPage\",\"@id\":\"https:\/\/www.cacbgi.cat\/politica-de-privacitat\/\",\"url\":\"https:\/\/www.cacbgi.cat\/politica-de-privacitat\/\",\"name\":\"Pol\\u00edtica de privacitat\"}}]}]}<\/script>\n<!-- \/ Yoast SEO Premium plugin. -->","_links":{"self":[{"href":"https:\/\/www.cacbgi.cat\/es\/wp-json\/wp\/v2\/pages\/154"}],"collection":[{"href":"https:\/\/www.cacbgi.cat\/es\/wp-json\/wp\/v2\/pages"}],"about":[{"href":"https:\/\/www.cacbgi.cat\/es\/wp-json\/wp\/v2\/types\/page"}],"author":[{"embeddable":true,"href":"https:\/\/www.cacbgi.cat\/es\/wp-json\/wp\/v2\/users\/1"}],"replies":[{"embeddable":true,"href":"https:\/\/www.cacbgi.cat\/es\/wp-json\/wp\/v2\/comments?post=154"}],"version-history":[{"count":15,"href":"https:\/\/www.cacbgi.cat\/es\/wp-json\/wp\/v2\/pages\/154\/revisions"}],"predecessor-version":[{"id":5672,"href":"https:\/\/www.cacbgi.cat\/es\/wp-json\/wp\/v2\/pages\/154\/revisions\/5672"}],"wp:attachment":[{"href":"https:\/\/www.cacbgi.cat\/es\/wp-json\/wp\/v2\/media?parent=154"}],"curies":[{"name":"wp","href":"https:\/\/api.w.org\/{rel}","templated":true}]}}