{"id":162,"date":"2020-10-09T12:22:25","date_gmt":"2020-10-09T10:22:25","guid":{"rendered":"https:\/\/www.cacbgi.cat\/?page_id=162"},"modified":"2021-05-20T16:02:04","modified_gmt":"2021-05-20T14:02:04","slug":"politica-de-cookies","status":"publish","type":"page","link":"https:\/\/www.cacbgi.cat\/es\/politica-de-cookies\/","title":{"rendered":"Pol\u00edtica de cookies"},"content":{"rendered":"<div data-elementor-type=\"wp-page\" data-elementor-id=\"162\" class=\"elementor elementor-162\" data-elementor-post-type=\"page\">\n\t\t\t\t\t\t<div class=\"elementor-inner\">\n\t\t\t\t<div class=\"elementor-section-wrap\">\n\t\t\t\t\t\t\t\t\t<section data-particle_enable=\"false\" data-particle-mobile-disabled=\"false\" class=\"elementor-section elementor-top-section elementor-element elementor-element-a4d7832 elementor-section-boxed elementor-section-height-default elementor-section-height-default\" data-id=\"a4d7832\" data-element_type=\"section\">\n\t\t\t\t\t\t<div class=\"elementor-container elementor-column-gap-default\">\n\t\t\t\t\t\t\t<div class=\"elementor-row\">\n\t\t\t\t\t<div class=\"elementor-column elementor-col-100 elementor-top-column elementor-element elementor-element-f773e5a\" data-id=\"f773e5a\" data-element_type=\"column\">\n\t\t\t<div class=\"elementor-column-wrap elementor-element-populated\">\n\t\t\t\t\t\t\t<div class=\"elementor-widget-wrap\">\n\t\t\t\t\t\t<div class=\"elementor-element elementor-element-938869e elementor-widget elementor-widget-spacer\" data-id=\"938869e\" data-element_type=\"widget\" data-widget_type=\"spacer.default\">\n\t\t\t\t<div class=\"elementor-widget-container\">\n\t\t\t\t\t<div class=\"elementor-spacer\">\n\t\t\t<div class=\"elementor-spacer-inner\"><\/div>\n\t\t<\/div>\n\t\t\t\t<\/div>\n\t\t\t\t<\/div>\n\t\t\t\t<div class=\"elementor-element elementor-element-e905e85 elementor-widget elementor-widget-text-editor\" data-id=\"e905e85\" data-element_type=\"widget\" data-widget_type=\"text-editor.default\">\n\t\t\t\t<div class=\"elementor-widget-container\">\n\t\t\t\t\t\t\t\t<div class=\"elementor-text-editor elementor-clearfix\">\n\t\t\t\t<p><strong>POL\u00cdTICA DE COOKIES<\/strong><\/p><p>Les cookies o galetes s\u00f3n petits arxius de text que s\u2019instal\u00b7len als equips des dels qual s\u2019accedeix al nostre lloc web. Entre altres finalitats, les cookies registren les prefer\u00e8ncies i els h\u00e0bits de navegaci\u00f3 d\u2019un usuari. S\u2019associen a l\u2019usuari i al seu equip, per\u00f2 no proporcionen dades directament identificatives. Algunes cookies, per exemple les que permeten elaborar estad\u00edstiques o les publicit\u00e0ries, necessiten el consentiment de l\u2019usuari del nostre lloc. En canvi altres cookies, les de car\u00e0cter t\u00e8cnic o les necess\u00e0ries per oferir un servei sol\u00b7licitat per l\u2019usuari, s\u00f3n imprescindibles per al funcionament del lloc. Les cookies es poden classificar segons la seva vig\u00e8ncia, qui les gestiona o la seva finalitat.<\/p><p><strong>SEGONS LA VIG\u00c8NCIA<\/strong><\/p><ul><li><i>De sessi\u00f3:<\/i> s\u00f3n temporals i queden a l\u2019arxiu de galetes del vostre navegador fins el moment que abandoneu el lloc web.<span class=\"Apple-converted-space\">\u00a0<\/span><\/li><li><i>Persistents:<\/i> queden emmagatzemades i el lloc web els llegeix cada vegada que hi feu una visita.<span class=\"Apple-converted-space\">\u00a0<\/span><\/li><\/ul><p><strong>SEGONS QUI LES GESTIONI<\/strong><\/p><ul><li><i>Pr\u00f2pies:<\/i> s\u00f3n les pr\u00f2pies del titular del lloc web des del que es presten els serveis a l\u2019usuari.<\/li><li><i>De tercers:<\/i> s\u2019envien a l\u2019usuari per part d\u2019un tercer, diferent al titular del lloc.<\/li><\/ul><p><strong>SEGONS LA FINALITAT<\/strong><\/p><ul><li><i>Necess\u00e0ries:<\/i> les imprescindibles per facilitar la vostra connexi\u00f3. No hi ha opci\u00f3 d\u2019inhabilitar-les, at\u00e8s que s\u00f3n les necess\u00e0ries pel funcionament del lloc web.<\/li><li><i>T\u00e8cniques: <\/i>les que permeten controlar el tr\u00e0fic i comunicaci\u00f3 de dades, identificar la sessi\u00f3 i accedir a p\u00e0gines d\u2019acc\u00e9s restringit, entre d\u2019altres.<\/li><li><i>De prefer\u00e8ncies:<\/i> permeten recordar les vostres opcions (per exemple llengua o regi\u00f3 des de la qual accediu), per tal de proporcionar-vos serveis avan\u00e7ats.<\/li><li><i>Anal\u00edtiques:<\/i> proporcionen informaci\u00f3 estad\u00edstica i permeten millorar els serveis. Utilitzem cookies de Google Analytics que podeu desactivar instal\u00b7lant-vos <a href=\"https:\/\/tools.google.com\/dlpage\/gaoptout?hl=es\">aquest plugin<\/a>.<span class=\"Apple-converted-space\">\u00a0<\/span><\/li><li><i>De publicitat:<\/i> per a oferir continguts publicitaris relacionats amb els interessos de l\u2019usuari, b\u00e9 directament, b\u00e9 per mitj\u00e0 de tercers (\u201cadservers\u201d).<\/li><li><i>De geolocalitzaci\u00f3: <\/i>per a con\u00e8ixer la localitzaci\u00f3 geogr\u00e0fica de l\u2019usuari.<\/li><\/ul><p>\u00a0<\/p>\t\t\t\t\t<\/div>\n\t\t\t\t\t\t<\/div>\n\t\t\t\t<\/div>\n\t\t\t\t<div class=\"elementor-element elementor-element-acc24de elementor-widget elementor-widget-shortcode\" data-id=\"acc24de\" data-element_type=\"widget\" data-widget_type=\"shortcode.default\">\n\t\t\t\t<div class=\"elementor-widget-container\">\n\t\t\t\t\t<div class=\"elementor-shortcode\"><table class=\"wt-cli-element cookielawinfo-row-cat-table cookielawinfo-classic\"><thead><tr><th scope=\"col\" class=\"cookielawinfo-column-1\">Cookie<\/th><th scope=\"col\" class=\"cookielawinfo-column-3\">Duraci\u00f3n<\/th><th scope=\"col\" class=\"cookielawinfo-column-4\">Descripci\u00f3n<\/th><\/tr><\/thead><tbody><tr class=\"cookielawinfo-row\"><td class=\"cookielawinfo-column-1\">__cf_bm<\/td><td class=\"cookielawinfo-column-3\">30 minutes<\/td><td class=\"cookielawinfo-column-4\">Cloudflare set the cookie to support Cloudflare Bot Management.<\/td><\/tr><tr class=\"cookielawinfo-row\"><td class=\"cookielawinfo-column-1\">_ga<\/td><td class=\"cookielawinfo-column-3\">2 a\u00f1os<\/td><td class=\"cookielawinfo-column-4\">Esta cookie es instalada por Google Analytics. La cookie se utiliza para calcular los datos de visitantes, sesiones y campa\u00f1as y hacer un seguimiento del uso del sitio para el informe de an\u00e1lisis del sitio. Las cookies almacenan informaci\u00f3n de forma an\u00f3nima y asignan un n\u00famero generado aleatoriamente para identificar visitantes \u00fanicos.<\/td><\/tr><tr class=\"cookielawinfo-row\"><td class=\"cookielawinfo-column-1\">_ga_*<\/td><td class=\"cookielawinfo-column-3\">1 year 1 month 4 days<\/td><td class=\"cookielawinfo-column-4\">Google Analytics sets this cookie to store and count page views.<\/td><\/tr><tr class=\"cookielawinfo-row\"><td class=\"cookielawinfo-column-1\">_ga_THB8MQFL7H<\/td><td class=\"cookielawinfo-column-3\">2 a\u00f1os<\/td><td class=\"cookielawinfo-column-4\">Sin descripci\u00f3n<\/td><\/tr><tr class=\"cookielawinfo-row\"><td class=\"cookielawinfo-column-1\">cookielawinfo-checkbox-advertisement<\/td><td class=\"cookielawinfo-column-3\">1 year<\/td><td class=\"cookielawinfo-column-4\">Set by the GDPR Cookie Consent plugin, this cookie records the user consent for the cookies in the \"Advertisement\" category.<\/td><\/tr><tr class=\"cookielawinfo-row\"><td class=\"cookielawinfo-column-1\">cookielawinfo-checkbox-analytics<\/td><td class=\"cookielawinfo-column-3\">1 year<\/td><td class=\"cookielawinfo-column-4\">Set by the GDPR Cookie Consent plugin, this cookie records the user consent for the cookies in the \"Analytics\" category.<\/td><\/tr><tr class=\"cookielawinfo-row\"><td class=\"cookielawinfo-column-1\">cookielawinfo-checkbox-necessary<\/td><td class=\"cookielawinfo-column-3\">11 meses<\/td><td class=\"cookielawinfo-column-4\">Esta cookie est\u00e1 configurada por el complemento de consentimiento de cookies de GDPR. Las cookies se utilizan para almacenar el consentimiento del usuario para las cookies en la categor\u00eda \"Necesarias\".<\/td><\/tr><tr class=\"cookielawinfo-row\"><td class=\"cookielawinfo-column-1\">cookielawinfo-checkbox-non-necessary<\/td><td class=\"cookielawinfo-column-3\">11 meses<\/td><td class=\"cookielawinfo-column-4\">Esta cookie est\u00e1 configurada por el complemento de consentimiento de cookies de GDPR. Las cookies se utilizan para almacenar el consentimiento del usuario para las ookies en la categor\u00eda \"No necesarias\".<\/td><\/tr><tr class=\"cookielawinfo-row\"><td class=\"cookielawinfo-column-1\">cookielawinfo-checkbox-other<\/td><td class=\"cookielawinfo-column-3\">1 year<\/td><td class=\"cookielawinfo-column-4\">CookieYes sets this cookie to store the user consent for the cookies in the category \"Other\".<\/td><\/tr><tr class=\"cookielawinfo-row\"><td class=\"cookielawinfo-column-1\">CookieLawInfoConsent<\/td><td class=\"cookielawinfo-column-3\">1 year<\/td><td class=\"cookielawinfo-column-4\">CookieYes sets this cookie to record the default button state of the corresponding category and the status of CCPA. It works only in coordination with the primary cookie.<\/td><\/tr><tr class=\"cookielawinfo-row\"><td class=\"cookielawinfo-column-1\">elementor<\/td><td class=\"cookielawinfo-column-3\">never<\/td><td class=\"cookielawinfo-column-4\">The website's WordPress theme uses this cookie.\u00a0It allows the website owner to implement or change the website's content in real-time.<\/td><\/tr><tr class=\"cookielawinfo-row\"><td class=\"cookielawinfo-column-1\">JSESSIONID<\/td><td class=\"cookielawinfo-column-3\">session<\/td><td class=\"cookielawinfo-column-4\">New Relic uses this cookie to store a session identifier so that New Relic can monitor session counts for an application.<\/td><\/tr><tr class=\"cookielawinfo-row\"><td class=\"cookielawinfo-column-1\">NID<\/td><td class=\"cookielawinfo-column-3\">6 meses<\/td><td class=\"cookielawinfo-column-4\">Esta cookie se utiliza para crear un perfil en funci\u00f3n del inter\u00e9s del usuario y mostrar anuncios personalizados a los usuarios.<\/td><\/tr><tr class=\"cookielawinfo-row\"><td class=\"cookielawinfo-column-1\">test_cookie<\/td><td class=\"cookielawinfo-column-3\">11 meses<\/td><td class=\"cookielawinfo-column-4\"><\/td><\/tr><tr class=\"cookielawinfo-row\"><td class=\"cookielawinfo-column-1\">viewed_cookie_policy<\/td><td class=\"cookielawinfo-column-3\">11 meses<\/td><td class=\"cookielawinfo-column-4\">La cookie est\u00e1 configurada por el complemento de consentimiento de cookies de GDPR y se utiliza para almacenar si el usuario ha dado su consentimiento o no para el uso de cookies. No almacena ning\u00fan dato personal.<\/td><\/tr><tr class=\"cookielawinfo-row\"><td class=\"cookielawinfo-column-1\">vuid<\/td><td class=\"cookielawinfo-column-3\">2 a\u00f1os<\/td><td class=\"cookielawinfo-column-4\">Este dominio de esta cookie es propiedad de Vimeo. Vimeo utiliza la cookie para recopilar informaci\u00f3n de seguimiento. Establece una identificaci\u00f3n \u00fanica para incrustar v\u00eddeos en el sitio web.<\/td><\/tr><\/tbody><\/table><\/div>\n\t\t\t\t<\/div>\n\t\t\t\t<\/div>\n\t\t\t\t<div class=\"elementor-element elementor-element-3919d9e elementor-widget elementor-widget-text-editor\" data-id=\"3919d9e\" data-element_type=\"widget\" data-widget_type=\"text-editor.default\">\n\t\t\t\t<div class=\"elementor-widget-container\">\n\t\t\t\t\t\t\t\t<div class=\"elementor-text-editor elementor-clearfix\">\n\t\t\t\t<p>Vost\u00e8 pot revocar el consentiment sobre la utilitzaci\u00f3 de cookies eliminant-les per mitj\u00e0 de les opcions que li ofereix el seu navegador. Tamb\u00e9 pot configurar el seu navegador per tal que l\u2019informi pr\u00e8viament de la possible instal\u00b7laci\u00f3 de cookies. En els enlla\u00e7os seg\u00fcents trobar\u00e0 informaci\u00f3 sobre com fer-ho.<\/p><p>&#8211; Per Firefox (<a href=\"http:\/\/support.mozilla.org\/ca\/kb\/Galetes\">enlla\u00e7<\/a>)<span class=\"Apple-converted-space\">\u00a0<\/span><\/p><p>&#8211; Per Chrome (<a href=\"http:\/\/support.google.com\/chrome\/bin\/answer.py?hl=es&amp;answer=95647\">enlla\u00e7<\/a>)<span class=\"Apple-converted-space\">\u00a0<\/span><\/p><p>&#8211; Per Explorer (<a href=\"https:\/\/support.microsoft.com\/es-es\/help\/278835\/how-to-delete-cookie-files-in-internet-explorer\">enlla\u00e7<\/a>)<span class=\"Apple-converted-space\">\u00a0<\/span><\/p><p>&#8211; Per Edge (<a href=\"https:\/\/support.microsoft.com\/es-es\/help\/4027947\/windows-delete-cookies\">enlla\u00e7<\/a>)<span class=\"Apple-converted-space\">\u00a0<\/span><\/p><p>&#8211; Per Safari per IOS (<a href=\"http:\/\/support.apple.com\/kb\/HT1677?viewlocale=es_ES&amp;locale=es_ES\">enlla\u00e7<\/a>)<span class=\"Apple-converted-space\">\u00a0<\/span><\/p><p>&#8211; Per Opera (<a href=\"https:\/\/help.opera.com\/en\/latest\/web-preferences\/#cookies\">enlla\u00e7<\/a>)<span class=\"Apple-converted-space\">\u00a0<\/span><\/p>\t\t\t\t\t<\/div>\n\t\t\t\t\t\t<\/div>\n\t\t\t\t<\/div>\n\t\t\t\t<div class=\"elementor-element elementor-element-cfcbae8 elementor-widget elementor-widget-spacer\" data-id=\"cfcbae8\" data-element_type=\"widget\" data-widget_type=\"spacer.default\">\n\t\t\t\t<div class=\"elementor-widget-container\">\n\t\t\t\t\t<div class=\"elementor-spacer\">\n\t\t\t<div class=\"elementor-spacer-inner\"><\/div>\n\t\t<\/div>\n\t\t\t\t<\/div>\n\t\t\t\t<\/div>\n\t\t\t\t\t\t<\/div>\n\t\t\t\t\t<\/div>\n\t\t<\/div>\n\t\t\t\t\t\t\t\t<\/div>\n\t\t\t\t\t<\/div>\n\t\t<\/section>\n\t\t\t\t\t\t\t\t\t<\/div>\n\t\t\t<\/div>\n\t\t\t\t\t<\/div>","protected":false},"excerpt":{"rendered":"<p>POL\u00cdTICA DE COOKIES Les cookies o galetes s\u00f3n petits arxius de text que s\u2019instal\u00b7len als equips des dels qual s\u2019accedeix al nostre lloc web. Entre altres finalitats, les cookies registren les prefer\u00e8ncies i els h\u00e0bits de navegaci\u00f3 d\u2019un usuari. S\u2019associen a l\u2019usuari i al seu equip, per\u00f2 no proporcionen dades directament identificatives. Algunes cookies, per [&hellip;]<\/p>","protected":false},"author":1,"featured_media":0,"parent":0,"menu_order":0,"comment_status":"closed","ping_status":"closed","template":"","meta":[],"acf":[],"yoast_head":"<!-- This site is optimized with the Yoast SEO Premium plugin v15.9.1 - https:\/\/yoast.com\/wordpress\/plugins\/seo\/ -->\n<title>Pol\u00edtica de cookies - CACBGI<\/title>\n<meta property=\"og:locale\" content=\"es_ES\" \/>\n<meta property=\"og:type\" content=\"article\" \/>\n<meta property=\"og:title\" content=\"Pol\u00edtica de cookies - CACBGI\" \/>\n<meta property=\"og:description\" content=\"POL\u00cdTICA DE COOKIES Les cookies o galetes s\u00f3n petits arxius de text que s\u2019instal\u00b7len als equips des dels qual s\u2019accedeix al nostre lloc web. Entre altres finalitats, les cookies registren les prefer\u00e8ncies i els h\u00e0bits de navegaci\u00f3 d\u2019un usuari. S\u2019associen a l\u2019usuari i al seu equip, per\u00f2 no proporcionen dades directament identificatives. Algunes cookies, per [&hellip;]\" \/>\n<meta property=\"og:url\" content=\"https:\/\/www.cacbgi.cat\/es\/politica-de-cookies\/\" \/>\n<meta property=\"og:site_name\" content=\"CACBGI\" \/>\n<meta property=\"article:modified_time\" content=\"2021-05-20T14:02:04+00:00\" \/>\n<meta name=\"twitter:card\" content=\"summary_large_image\" \/>\n<meta name=\"twitter:label1\" content=\"Tiempo de lectura\">\n\t<meta name=\"twitter:data1\" content=\"3 minutos\">\n<script type=\"application\/ld+json\" class=\"yoast-schema-graph\">{\"@context\":\"https:\/\/schema.org\",\"@graph\":[{\"@type\":\"WebSite\",\"@id\":\"https:\/\/www.cacbgi.cat\/#website\",\"url\":\"https:\/\/www.cacbgi.cat\/\",\"name\":\"CACBGI\",\"description\":\"Consorci d&#039;Aig\\u00fces Costa Brava, Girona\",\"potentialAction\":[{\"@type\":\"SearchAction\",\"target\":\"https:\/\/www.cacbgi.cat\/?s={search_term_string}\",\"query-input\":\"required name=search_term_string\"}],\"inLanguage\":\"es\"},{\"@type\":\"WebPage\",\"@id\":\"https:\/\/www.cacbgi.cat\/politica-de-cookies\/#webpage\",\"url\":\"https:\/\/www.cacbgi.cat\/politica-de-cookies\/\",\"name\":\"Pol\\u00edtica de cookies - CACBGI\",\"isPartOf\":{\"@id\":\"https:\/\/www.cacbgi.cat\/#website\"},\"datePublished\":\"2020-10-09T10:22:25+00:00\",\"dateModified\":\"2021-05-20T14:02:04+00:00\",\"breadcrumb\":{\"@id\":\"https:\/\/www.cacbgi.cat\/politica-de-cookies\/#breadcrumb\"},\"inLanguage\":\"es\",\"potentialAction\":[{\"@type\":\"ReadAction\",\"target\":[\"https:\/\/www.cacbgi.cat\/politica-de-cookies\/\"]}]},{\"@type\":\"BreadcrumbList\",\"@id\":\"https:\/\/www.cacbgi.cat\/politica-de-cookies\/#breadcrumb\",\"itemListElement\":[{\"@type\":\"ListItem\",\"position\":1,\"item\":{\"@type\":\"WebPage\",\"@id\":\"https:\/\/www.cacbgi.cat\/\",\"url\":\"https:\/\/www.cacbgi.cat\/\",\"name\":\"Home\"}},{\"@type\":\"ListItem\",\"position\":2,\"item\":{\"@type\":\"WebPage\",\"@id\":\"https:\/\/www.cacbgi.cat\/politica-de-cookies\/\",\"url\":\"https:\/\/www.cacbgi.cat\/politica-de-cookies\/\",\"name\":\"Pol\\u00edtica de cookies\"}}]}]}<\/script>\n<!-- \/ Yoast SEO Premium plugin. -->","_links":{"self":[{"href":"https:\/\/www.cacbgi.cat\/es\/wp-json\/wp\/v2\/pages\/162"}],"collection":[{"href":"https:\/\/www.cacbgi.cat\/es\/wp-json\/wp\/v2\/pages"}],"about":[{"href":"https:\/\/www.cacbgi.cat\/es\/wp-json\/wp\/v2\/types\/page"}],"author":[{"embeddable":true,"href":"https:\/\/www.cacbgi.cat\/es\/wp-json\/wp\/v2\/users\/1"}],"replies":[{"embeddable":true,"href":"https:\/\/www.cacbgi.cat\/es\/wp-json\/wp\/v2\/comments?post=162"}],"version-history":[{"count":12,"href":"https:\/\/www.cacbgi.cat\/es\/wp-json\/wp\/v2\/pages\/162\/revisions"}],"predecessor-version":[{"id":4999,"href":"https:\/\/www.cacbgi.cat\/es\/wp-json\/wp\/v2\/pages\/162\/revisions\/4999"}],"wp:attachment":[{"href":"https:\/\/www.cacbgi.cat\/es\/wp-json\/wp\/v2\/media?parent=162"}],"curies":[{"name":"wp","href":"https:\/\/api.w.org\/{rel}","templated":true}]}}