{"id":3264,"date":"2021-02-22T16:02:09","date_gmt":"2021-02-22T15:02:09","guid":{"rendered":"https:\/\/www.cacbgi.cat\/?page_id=3264"},"modified":"2021-05-25T11:30:23","modified_gmt":"2021-05-25T09:30:23","slug":"politica-daccessibilitat","status":"publish","type":"page","link":"https:\/\/www.cacbgi.cat\/es\/politica-daccessibilitat\/","title":{"rendered":"Pol\u00edtica de accesibilidad"},"content":{"rendered":"<div data-elementor-type=\"wp-page\" data-elementor-id=\"3264\" class=\"elementor elementor-3264\" data-elementor-post-type=\"page\">\n\t\t\t\t\t\t<div class=\"elementor-inner\">\n\t\t\t\t<div class=\"elementor-section-wrap\">\n\t\t\t\t\t\t\t\t\t<section data-particle_enable=\"false\" data-particle-mobile-disabled=\"false\" class=\"elementor-section elementor-top-section elementor-element elementor-element-d29c291 elementor-section-boxed elementor-section-height-default elementor-section-height-default\" data-id=\"d29c291\" data-element_type=\"section\">\n\t\t\t\t\t\t<div class=\"elementor-container elementor-column-gap-default\">\n\t\t\t\t\t\t\t<div class=\"elementor-row\">\n\t\t\t\t\t<div class=\"elementor-column elementor-col-100 elementor-top-column elementor-element elementor-element-030ae33\" data-id=\"030ae33\" data-element_type=\"column\">\n\t\t\t<div class=\"elementor-column-wrap elementor-element-populated\">\n\t\t\t\t\t\t\t<div class=\"elementor-widget-wrap\">\n\t\t\t\t\t\t<div class=\"elementor-element elementor-element-4f30a26 elementor-widget elementor-widget-spacer\" data-id=\"4f30a26\" data-element_type=\"widget\" data-widget_type=\"spacer.default\">\n\t\t\t\t<div class=\"elementor-widget-container\">\n\t\t\t\t\t<div class=\"elementor-spacer\">\n\t\t\t<div class=\"elementor-spacer-inner\"><\/div>\n\t\t<\/div>\n\t\t\t\t<\/div>\n\t\t\t\t<\/div>\n\t\t\t\t<div class=\"elementor-element elementor-element-c18aaff elementor-widget elementor-widget-text-editor\" data-id=\"c18aaff\" data-element_type=\"widget\" data-widget_type=\"text-editor.default\">\n\t\t\t\t<div class=\"elementor-widget-container\">\n\t\t\t\t\t\t\t\t<div class=\"elementor-text-editor elementor-clearfix\">\n\t\t\t\t<h2>Accessibilitat<\/h2><div class=\"colAComplet\"><p>El CACBGI s&#8217;ha comprom\u00e8s a fer accessibles els seus llocs web, de conformitat amb la Directiva (UE) 2016\/2102 del Parlament Europeu i del Consell de 26 d&#8217;octubre i el Reial Decret 1112\/2018, de 7 de setembre.<\/p><p>Aquesta declaraci\u00f3 d&#8217;accessibilitat s&#8217;aplica al lloc web cacbgi.cat<\/p><h3 class=\"estilH3\">Situaci\u00f3 de compliment<\/h3><p>Aquests llocs web s\u00f3n parcialment conformes amb el Reial Decret 1112\/2018, de 7 de setembre, degut a les excepcions i a la manca de conformitat dels aspectes que s&#8217;indiquen a continuaci\u00f3.<\/p><p><strong>Contingut no accessible<\/strong><\/p><p>El contingut que es detalla a continuaci\u00f3 no \u00e9s accessible per les raons seg\u00fcents:<\/p><ul><li>Manca de conformitat amb el Reial decret 1112\/2018, de 7 de setembre. Hi pot haver errors puntuals d&#8217;edici\u00f3 en alguna p\u00e0gina web tant a continguts HTML com a documents finals, publicats amb data posterior al 20 de setembre de 2018.<ul><li>inexist\u00e8ncia d&#8217;alternatives textuals.<\/li><li>enlla\u00e7os sense descripci\u00f3.<\/li><li>l&#8217;\u00fas d&#8217;encap\u00e7alaments no \u00e9s clar.<\/li><li>l&#8217;agrupaci\u00f3 estructural no \u00e9s completa.<\/li><\/ul><\/li><li>El contingut no entra dins l&#8217;\u00e0mbit de la legislaci\u00f3 aplicable.<ul><li>Hi pot haver arxius ofim\u00e0tics o formularis web publicats abans del 20 de setembre de 2018 que no compleixin totalment els requisits d&#8217;accessibilitat, tot i que s&#8217;ha procurat que la majoria s\u00ed que els compleixin.<\/li><\/ul><\/li><\/ul><h3>Preparaci\u00f3 de la declaraci\u00f3 d&#8217;accessibilitat<\/h3><p>El m\u00e8tode utilitzat per preparar la declaraci\u00f3 ha estat una autoavaluaci\u00f3 portada a terme pel mateix organisme.<\/p><p>L&#8217;\u00faltima revisi\u00f3 de la declaraci\u00f3 s&#8217;ha efectuat amb data <strong>20 de maig de 2021<\/strong>.<\/p><h3 class=\"estilH3\">Presentaci\u00f3 de suggeriments, queixes o reclamacions<\/h3><p>Qualsevol persona pot demanar el compliment de requisits d&#8217;accessibilitat per mitj\u00e0 de l&#8217;adre\u00e7a electr\u00f2nica <a href=\"mailto:info@cacbgi.cat\">info@cacbgi.cat<\/a> o b\u00e9 per via telef\u00f2nica (972 20 14 67) o presencialment a la Pla\u00e7a de Josep Pla i Casadevall, 4 de Girona.<\/p><p>Es poden presentar sol\u00b7licituds d&#8217;informaci\u00f3 accessible i queixes adre\u00e7ant un escrit al Registre de documents de l&#8217;organisme, a l&#8217;adre\u00e7a Pla\u00e7a de Josep Pla i Casadevall, 4 o per mitj\u00e0 de la <a href=\"https:\/\/www.seu-e.cat\/ca\/web\/ccbgi\">seu electr\u00f2nica<\/a>.<\/p><p>En cas de desacord amb la resposta a la sol\u00b7licitud d&#8217;informaci\u00f3 accessible o a la presentaci\u00f3 d&#8217;una queixa, la persona interessada pot iniciar una reclamaci\u00f3 adre\u00e7ant un escrit al Registre de documents de l&#8217;organisme, a l&#8217;adre\u00e7a <span class=\"GRkHZd w8qArf\">\u00a0<\/span><span class=\"LrzXr\">Pla\u00e7a de Josep Pla i Casadevall, 4 <\/span>17001 Girona o per mitj\u00e0 de la <a href=\"https:\/\/www.seu-e.cat\/ca\/web\/ccbgi\">seu electr\u00f2nica<\/a>. Aquest procediment de reclamaci\u00f3 (previst a l&#8217;article 13 del RD 1112\/2018) entrar\u00e0 en vigor el 20 de setembre de 2020.<\/p><p>Les comunicacions formulades pels motius indicats a aquest apartat seran ateses per l&#8217;Oficina de Difusi\u00f3 com responsable en mat\u00e8ria d&#8217;accessibilitat web de l&#8217;organisme.<\/p><h4 class=\"estilH3\">Informaci\u00f3 complement\u00e0ria<\/h4><p>Aquest lloc web \u00e9s revisat per l&#8217;Observatori d&#8217;Accessibilitat Web.<\/p><p>El CACBGI treballa per complir en el grau m\u00e9s alt possible els requeriments d&#8217;accessibilitat per facilitar l&#8217;acc\u00e9s universal als continguts a totes les persones que el consulten, independentment de les seves capacitats, f\u00edsiques, sensorials o intel\u00b7lectuals, i dels sistemes o recursos utilitzats (navegador, dispositiu, velocitat de connexi\u00f3, etc.).<\/p><p>D&#8217;acord amb la Directiva (UE) 2016\/2102 del Parlament Europeu i del Consell de 26 d&#8217;octubre de 2016 els webs i aplicacions m\u00f2bils del sector p\u00fablic han de ser accessibles, accessibilitat que s&#8217;ha d&#8217;aconseguir d&#8217;acord amb la norma UNE &#8211; EN 301 549:2019, de requisits d&#8217;accessibilitat. Aquesta norma es basa principalment en les Web Content Accessibility Guidelines (WCAG) 2.1 publicades pel World Wide Web Consortium (W3C) l&#8217;agost de 2018.<\/p><p>\u00c9s voluntat del CACBI complir plenament les pautes d&#8217;accessibilitat web. La normativa europea exigeix als ens del sector p\u00fablic el compliment del nivell AA.<\/p><p>Aquest web ha estat provat i est\u00e0 optimitzat per als navegadors compatibles amb HTML5 i les versions admeses pels fabricants. La utilitzaci\u00f3 de navegadors diferents o de versions no admeses pels fabricants pot no permetre una visualitzaci\u00f3 correcta o disponibilitat de documents o d&#8217;altres funcionalitats. Es poden obtenir actualitzacions o navegadors a les p\u00e0gines web dels prove\u00efdors dels navegadors.<\/p><p>D&#8217;altra banda, per al funcionament correcte del web, el navegador ha de tenir habilitat l&#8217;\u00fas de JavaScript i de galetes (vegi&#8217;s l&#8217;apartat Pol\u00edtica de cookies).<\/p><p>A causa del gran nombre de documents posats a disposici\u00f3 des del lloc web poden existir continguts que no compleixin les pautes d&#8217;accessibilitat exigibles. Agrairem rebre qualsevol suggeriment o indicaci\u00f3 per mitj\u00e0 dels canals indicats a l&#8217;apartat de la Seu elctr\u00f2nica.<\/p><\/div>\t\t\t\t\t<\/div>\n\t\t\t\t\t\t<\/div>\n\t\t\t\t<\/div>\n\t\t\t\t<div class=\"elementor-element elementor-element-282f61c elementor-widget elementor-widget-spacer\" data-id=\"282f61c\" data-element_type=\"widget\" data-widget_type=\"spacer.default\">\n\t\t\t\t<div class=\"elementor-widget-container\">\n\t\t\t\t\t<div class=\"elementor-spacer\">\n\t\t\t<div class=\"elementor-spacer-inner\"><\/div>\n\t\t<\/div>\n\t\t\t\t<\/div>\n\t\t\t\t<\/div>\n\t\t\t\t\t\t<\/div>\n\t\t\t\t\t<\/div>\n\t\t<\/div>\n\t\t\t\t\t\t\t\t<\/div>\n\t\t\t\t\t<\/div>\n\t\t<\/section>\n\t\t\t\t\t\t\t\t\t<\/div>\n\t\t\t<\/div>\n\t\t\t\t\t<\/div>","protected":false},"excerpt":{"rendered":"<p>Accessibilitat El CACBGI s&#8217;ha comprom\u00e8s a fer accessibles els seus llocs web, de conformitat amb la Directiva (UE) 2016\/2102 del Parlament Europeu i del Consell de 26 d&#8217;octubre i el Reial Decret 1112\/2018, de 7 de setembre. Aquesta declaraci\u00f3 d&#8217;accessibilitat s&#8217;aplica al lloc web cacbgi.cat Situaci\u00f3 de compliment Aquests llocs web s\u00f3n parcialment conformes amb [&hellip;]<\/p>","protected":false},"author":1,"featured_media":0,"parent":0,"menu_order":0,"comment_status":"closed","ping_status":"closed","template":"","meta":[],"acf":[],"yoast_head":"<!-- This site is optimized with the Yoast SEO Premium plugin v15.9.1 - https:\/\/yoast.com\/wordpress\/plugins\/seo\/ -->\n<title>Pol\u00edtica d&#039;accessibilitat - CACBGI<\/title>\n<meta property=\"og:locale\" content=\"es_ES\" \/>\n<meta property=\"og:type\" content=\"article\" \/>\n<meta property=\"og:title\" content=\"Pol\u00edtica d&#039;accessibilitat - CACBGI\" \/>\n<meta property=\"og:description\" content=\"Accessibilitat El CACBGI s&#8217;ha comprom\u00e8s a fer accessibles els seus llocs web, de conformitat amb la Directiva (UE) 2016\/2102 del Parlament Europeu i del Consell de 26 d&#8217;octubre i el Reial Decret 1112\/2018, de 7 de setembre. Aquesta declaraci\u00f3 d&#8217;accessibilitat s&#8217;aplica al lloc web cacbgi.cat Situaci\u00f3 de compliment Aquests llocs web s\u00f3n parcialment conformes amb [&hellip;]\" \/>\n<meta property=\"og:url\" content=\"https:\/\/www.cacbgi.cat\/es\/politica-daccessibilitat\/\" \/>\n<meta property=\"og:site_name\" content=\"CACBGI\" \/>\n<meta property=\"article:modified_time\" content=\"2021-05-25T09:30:23+00:00\" \/>\n<meta name=\"twitter:card\" content=\"summary_large_image\" \/>\n<meta name=\"twitter:label1\" content=\"Tiempo de lectura\">\n\t<meta name=\"twitter:data1\" content=\"3 minutos\">\n<script type=\"application\/ld+json\" class=\"yoast-schema-graph\">{\"@context\":\"https:\/\/schema.org\",\"@graph\":[{\"@type\":\"WebSite\",\"@id\":\"https:\/\/www.cacbgi.cat\/#website\",\"url\":\"https:\/\/www.cacbgi.cat\/\",\"name\":\"CACBGI\",\"description\":\"Consorci d&#039;Aig\\u00fces Costa Brava, Girona\",\"potentialAction\":[{\"@type\":\"SearchAction\",\"target\":\"https:\/\/www.cacbgi.cat\/?s={search_term_string}\",\"query-input\":\"required name=search_term_string\"}],\"inLanguage\":\"es\"},{\"@type\":\"WebPage\",\"@id\":\"https:\/\/www.cacbgi.cat\/politica-daccessibilitat\/#webpage\",\"url\":\"https:\/\/www.cacbgi.cat\/politica-daccessibilitat\/\",\"name\":\"Pol\\u00edtica d'accessibilitat - CACBGI\",\"isPartOf\":{\"@id\":\"https:\/\/www.cacbgi.cat\/#website\"},\"datePublished\":\"2021-02-22T15:02:09+00:00\",\"dateModified\":\"2021-05-25T09:30:23+00:00\",\"breadcrumb\":{\"@id\":\"https:\/\/www.cacbgi.cat\/politica-daccessibilitat\/#breadcrumb\"},\"inLanguage\":\"es\",\"potentialAction\":[{\"@type\":\"ReadAction\",\"target\":[\"https:\/\/www.cacbgi.cat\/politica-daccessibilitat\/\"]}]},{\"@type\":\"BreadcrumbList\",\"@id\":\"https:\/\/www.cacbgi.cat\/politica-daccessibilitat\/#breadcrumb\",\"itemListElement\":[{\"@type\":\"ListItem\",\"position\":1,\"item\":{\"@type\":\"WebPage\",\"@id\":\"https:\/\/www.cacbgi.cat\/\",\"url\":\"https:\/\/www.cacbgi.cat\/\",\"name\":\"Home\"}},{\"@type\":\"ListItem\",\"position\":2,\"item\":{\"@type\":\"WebPage\",\"@id\":\"https:\/\/www.cacbgi.cat\/politica-daccessibilitat\/\",\"url\":\"https:\/\/www.cacbgi.cat\/politica-daccessibilitat\/\",\"name\":\"Pol\\u00edtica d&#8217;accessibilitat\"}}]}]}<\/script>\n<!-- \/ Yoast SEO Premium plugin. -->","_links":{"self":[{"href":"https:\/\/www.cacbgi.cat\/es\/wp-json\/wp\/v2\/pages\/3264"}],"collection":[{"href":"https:\/\/www.cacbgi.cat\/es\/wp-json\/wp\/v2\/pages"}],"about":[{"href":"https:\/\/www.cacbgi.cat\/es\/wp-json\/wp\/v2\/types\/page"}],"author":[{"embeddable":true,"href":"https:\/\/www.cacbgi.cat\/es\/wp-json\/wp\/v2\/users\/1"}],"replies":[{"embeddable":true,"href":"https:\/\/www.cacbgi.cat\/es\/wp-json\/wp\/v2\/comments?post=3264"}],"version-history":[{"count":15,"href":"https:\/\/www.cacbgi.cat\/es\/wp-json\/wp\/v2\/pages\/3264\/revisions"}],"predecessor-version":[{"id":5286,"href":"https:\/\/www.cacbgi.cat\/es\/wp-json\/wp\/v2\/pages\/3264\/revisions\/5286"}],"wp:attachment":[{"href":"https:\/\/www.cacbgi.cat\/es\/wp-json\/wp\/v2\/media?parent=3264"}],"curies":[{"name":"wp","href":"https:\/\/api.w.org\/{rel}","templated":true}]}}