{"id":3603,"date":"2021-02-26T17:51:59","date_gmt":"2021-02-26T16:51:59","guid":{"rendered":"https:\/\/www.cacbgi.cat\/?page_id=3603"},"modified":"2021-04-27T14:55:29","modified_gmt":"2021-04-27T12:55:29","slug":"laboratoris","status":"publish","type":"page","link":"https:\/\/www.cacbgi.cat\/es\/serveis\/laboratoris\/","title":{"rendered":""},"content":{"rendered":"<div data-elementor-type=\"wp-page\" data-elementor-id=\"3603\" class=\"elementor elementor-3603\" data-elementor-post-type=\"page\">\n\t\t\t\t\t\t<div class=\"elementor-inner\">\n\t\t\t\t<div class=\"elementor-section-wrap\">\n\t\t\t\t\t\t\t\t\t<section data-particle_enable=\"false\" data-particle-mobile-disabled=\"false\" class=\"elementor-section elementor-top-section elementor-element elementor-element-53a2ce95 elementor-section-boxed elementor-section-height-default elementor-section-height-default\" data-id=\"53a2ce95\" data-element_type=\"section\" data-settings=\"{&quot;background_background&quot;:&quot;classic&quot;}\">\n\t\t\t\t\t\t<div class=\"elementor-container elementor-column-gap-default\">\n\t\t\t\t\t\t\t<div class=\"elementor-row\">\n\t\t\t\t\t<div data-dce-background-color=\"#009DE2\" class=\"elementor-column elementor-col-50 elementor-top-column elementor-element elementor-element-56a9eae1\" data-id=\"56a9eae1\" data-element_type=\"column\" data-settings=\"{&quot;background_background&quot;:&quot;classic&quot;}\">\n\t\t\t<div class=\"elementor-column-wrap elementor-element-populated\">\n\t\t\t\t\t\t\t<div class=\"elementor-widget-wrap\">\n\t\t\t\t\t\t<div class=\"elementor-element elementor-element-5e875a51 elementor-widget elementor-widget-text-editor\" data-id=\"5e875a51\" data-element_type=\"widget\" data-widget_type=\"text-editor.default\">\n\t\t\t\t<div class=\"elementor-widget-container\">\n\t\t\t\t\t\t\t\t<div class=\"elementor-text-editor elementor-clearfix\">\n\t\t\t\t<p><strong>Laboratorios<\/strong><\/p>\t\t\t\t\t<\/div>\n\t\t\t\t\t\t<\/div>\n\t\t\t\t<\/div>\n\t\t\t\t\t\t<\/div>\n\t\t\t\t\t<\/div>\n\t\t<\/div>\n\t\t\t\t<div data-dce-background-color=\"#009DE2\" class=\"elementor-column elementor-col-50 elementor-top-column elementor-element elementor-element-10acf78a\" data-id=\"10acf78a\" data-element_type=\"column\" data-settings=\"{&quot;background_background&quot;:&quot;classic&quot;}\">\n\t\t\t<div class=\"elementor-column-wrap\">\n\t\t\t\t\t\t\t<div class=\"elementor-widget-wrap\">\n\t\t\t\t\t\t\t\t<\/div>\n\t\t\t\t\t<\/div>\n\t\t<\/div>\n\t\t\t\t\t\t\t\t<\/div>\n\t\t\t\t\t<\/div>\n\t\t<\/section>\n\t\t\t\t<section data-particle_enable=\"false\" data-particle-mobile-disabled=\"false\" class=\"elementor-section elementor-top-section elementor-element elementor-element-56e69010 elementor-section-boxed elementor-section-height-default elementor-section-height-default\" data-id=\"56e69010\" data-element_type=\"section\">\n\t\t\t\t\t\t<div class=\"elementor-container elementor-column-gap-default\">\n\t\t\t\t\t\t\t<div class=\"elementor-row\">\n\t\t\t\t\t<div data-dce-background-color=\"#FFFFFF\" class=\"elementor-column elementor-col-100 elementor-top-column elementor-element elementor-element-7a4b94ac\" data-id=\"7a4b94ac\" data-element_type=\"column\" data-settings=\"{&quot;background_background&quot;:&quot;classic&quot;}\">\n\t\t\t<div class=\"elementor-column-wrap elementor-element-populated\">\n\t\t\t\t\t\t\t<div class=\"elementor-widget-wrap\">\n\t\t\t\t\t\t<section data-particle_enable=\"false\" data-particle-mobile-disabled=\"false\" class=\"elementor-section elementor-inner-section elementor-element elementor-element-4d34dfed elementor-section-boxed elementor-section-height-default elementor-section-height-default\" data-id=\"4d34dfed\" data-element_type=\"section\">\n\t\t\t\t\t\t<div class=\"elementor-container elementor-column-gap-default\">\n\t\t\t\t\t\t\t<div class=\"elementor-row\">\n\t\t\t\t\t<div class=\"elementor-column elementor-col-50 elementor-inner-column elementor-element elementor-element-4fd6b25f\" data-id=\"4fd6b25f\" data-element_type=\"column\">\n\t\t\t<div class=\"elementor-column-wrap elementor-element-populated\">\n\t\t\t\t\t\t\t<div class=\"elementor-widget-wrap\">\n\t\t\t\t\t\t<div class=\"elementor-element elementor-element-7c525025 elementor-widget elementor-widget-text-editor\" data-id=\"7c525025\" data-element_type=\"widget\" data-widget_type=\"text-editor.default\">\n\t\t\t\t<div class=\"elementor-widget-container\">\n\t\t\t\t\t\t\t\t<div class=\"elementor-text-editor elementor-clearfix\">\n\t\t\t\t<div class=\"col-lg-12 col-xl-5\"><div class=\"col-xl-5 pb-3 pb-xl-0\">Els laboratoris realitzen la major part de les anal\u00edtiques necess\u00e0ries per controlar la idone\u00eftat dels diferents processos de depuraci\u00f3 en continu.<p class=\"text-justify\">El seu objectiu, a m\u00e9s d\u2019agilitzar i facilitar el control de les diferents etapes que formen part de la depuraci\u00f3, \u00e9s el seguiment de la qualitat de l\u2019aigua depurada i regenerada, aix\u00ed com del fang produ\u00eft.<\/p><p class=\"text-justify\">Els par\u00e0metres que es controlen en aquests laboratoris s\u00f3n els seg\u00fcents: demanda bioqu\u00edmica d\u2019oxigen, s\u00f2lids en suspensi\u00f3, demanda qu\u00edmica d\u2019oxigen, nitrogen total, nitrogen amoniacal, nitrats, f\u00f2sfor total, terbolesa, pH, transmit\u00e0ncia, conductivitat, clorurs, s\u00f2lids totals i vol\u00e0tils, sequedat, E. coli, bacteris aerobis totals, ous de nematodes, clostridis sulfit reductors i bacteri\u00f2fags som\u00e0tics.<\/p><p class=\"text-justify\">A m\u00e9s de realitzar exercicis d\u2019Inter comparaci\u00f3 interns, aquests laboratoris participen en exercicis d\u2019Inter comparaci\u00f3 de laboratoris externs per tal d\u2019assegurar la seva fiabilitat.<\/p><\/div><\/div>\t\t\t\t\t<\/div>\n\t\t\t\t\t\t<\/div>\n\t\t\t\t<\/div>\n\t\t\t\t\t\t<\/div>\n\t\t\t\t\t<\/div>\n\t\t<\/div>\n\t\t\t\t<div class=\"elementor-column elementor-col-50 elementor-inner-column elementor-element elementor-element-44e11ce\" data-id=\"44e11ce\" data-element_type=\"column\">\n\t\t\t<div class=\"elementor-column-wrap elementor-element-populated\">\n\t\t\t\t\t\t\t<div class=\"elementor-widget-wrap\">\n\t\t\t\t\t\t<div class=\"elementor-element elementor-element-397584da elementor-widget elementor-widget-gallery\" data-id=\"397584da\" data-element_type=\"widget\" data-settings=\"{&quot;gallery_layout&quot;:&quot;justified&quot;,&quot;ideal_row_height&quot;:{&quot;unit&quot;:&quot;px&quot;,&quot;size&quot;:300,&quot;sizes&quot;:[]},&quot;lazyload&quot;:&quot;yes&quot;,&quot;ideal_row_height_tablet&quot;:{&quot;unit&quot;:&quot;px&quot;,&quot;size&quot;:150,&quot;sizes&quot;:[]},&quot;ideal_row_height_mobile&quot;:{&quot;unit&quot;:&quot;px&quot;,&quot;size&quot;:150,&quot;sizes&quot;:[]},&quot;gap&quot;:{&quot;unit&quot;:&quot;px&quot;,&quot;size&quot;:10,&quot;sizes&quot;:[]},&quot;gap_tablet&quot;:{&quot;unit&quot;:&quot;px&quot;,&quot;size&quot;:10,&quot;sizes&quot;:[]},&quot;gap_mobile&quot;:{&quot;unit&quot;:&quot;px&quot;,&quot;size&quot;:10,&quot;sizes&quot;:[]},&quot;link_to&quot;:&quot;file&quot;,&quot;overlay_background&quot;:&quot;yes&quot;,&quot;content_hover_animation&quot;:&quot;fade-in&quot;}\" data-widget_type=\"gallery.default\">\n\t\t\t\t<div class=\"elementor-widget-container\">\n\t\t\t\t\t<div class=\"elementor-gallery__container\">\n\t\t\t\t\t\t\t<a class=\"e-gallery-item elementor-gallery-item elementor-animated-content\" href=\"https:\/\/www.cacbgi.cat\/wp-content\/uploads\/2021\/02\/laboratori-2.da1b1617.jpg\" data-elementor-open-lightbox=\"yes\" data-elementor-lightbox-title=\"laboratori-2.da1b1617\" data-e-action-hash=\"#elementor-action%3Aaction%3Dlightbox%26settings%3DeyJpZCI6MzYxNCwidXJsIjoiaHR0cHM6XC9cL3d3dy5jYWNiZ2kuY2F0XC93cC1jb250ZW50XC91cGxvYWRzXC8yMDIxXC8wMlwvbGFib3JhdG9yaS0yLmRhMWIxNjE3LmpwZyJ9\">\n\t\t\t\t\t<div class=\"e-gallery-image elementor-gallery-item__image\" data-thumbnail=\"https:\/\/www.cacbgi.cat\/wp-content\/uploads\/2021\/02\/laboratori-2.da1b1617.jpg\" data-width=\"545\" data-height=\"817\" aria-label=\"\" role=\"img\" ><\/div>\n\t\t\t\t\t\t\t\t\t\t\t<div class=\"elementor-gallery-item__overlay\"><\/div>\n\t\t\t\t\t\t\t\t\t\t\t\t\t\t<\/a>\n\t\t\t\t\t\t\t<a class=\"e-gallery-item elementor-gallery-item elementor-animated-content\" href=\"https:\/\/www.cacbgi.cat\/wp-content\/uploads\/2021\/02\/IMG_20200813_100207-scaled.jpg\" data-elementor-open-lightbox=\"yes\" data-elementor-lightbox-title=\"IMG_20200813_100207\" data-e-action-hash=\"#elementor-action%3Aaction%3Dlightbox%26settings%3DeyJpZCI6Mzg4OSwidXJsIjoiaHR0cHM6XC9cL3d3dy5jYWNiZ2kuY2F0XC93cC1jb250ZW50XC91cGxvYWRzXC8yMDIxXC8wMlwvSU1HXzIwMjAwODEzXzEwMDIwNy1zY2FsZWQuanBnIn0%3D\">\n\t\t\t\t\t<div class=\"e-gallery-image elementor-gallery-item__image\" data-thumbnail=\"https:\/\/www.cacbgi.cat\/wp-content\/uploads\/2021\/02\/IMG_20200813_100207-scaled.jpg\" data-width=\"2560\" data-height=\"1872\" aria-label=\"\" role=\"img\" ><\/div>\n\t\t\t\t\t\t\t\t\t\t\t<div class=\"elementor-gallery-item__overlay\"><\/div>\n\t\t\t\t\t\t\t\t\t\t\t\t\t\t<\/a>\n\t\t\t\t\t<\/div>\n\t\t\t<\/div>\n\t\t\t\t<\/div>\n\t\t\t\t\t\t<\/div>\n\t\t\t\t\t<\/div>\n\t\t<\/div>\n\t\t\t\t\t\t\t\t<\/div>\n\t\t\t\t\t<\/div>\n\t\t<\/section>\n\t\t\t\t\t\t<\/div>\n\t\t\t\t\t<\/div>\n\t\t<\/div>\n\t\t\t\t\t\t\t\t<\/div>\n\t\t\t\t\t<\/div>\n\t\t<\/section>\n\t\t\t\t<section data-particle_enable=\"false\" data-particle-mobile-disabled=\"false\" class=\"elementor-section elementor-top-section elementor-element elementor-element-21aa1be0 elementor-section-boxed elementor-section-height-default elementor-section-height-default\" data-id=\"21aa1be0\" data-element_type=\"section\">\n\t\t\t\t\t\t<div class=\"elementor-container elementor-column-gap-default\">\n\t\t\t\t\t\t\t<div class=\"elementor-row\">\n\t\t\t\t\t<div data-dce-background-color=\"#FFFFFF\" class=\"elementor-column elementor-col-100 elementor-top-column elementor-element elementor-element-2b518060\" data-id=\"2b518060\" data-element_type=\"column\" data-settings=\"{&quot;background_background&quot;:&quot;classic&quot;}\">\n\t\t\t<div class=\"elementor-column-wrap elementor-element-populated\">\n\t\t\t\t\t\t\t<div class=\"elementor-widget-wrap\">\n\t\t\t\t\t\t<div class=\"elementor-element elementor-element-56fe3d36 elementor-widget-divider--view-line elementor-widget elementor-widget-divider\" data-id=\"56fe3d36\" data-element_type=\"widget\" data-widget_type=\"divider.default\">\n\t\t\t\t<div class=\"elementor-widget-container\">\n\t\t\t\t\t<div class=\"elementor-divider\">\n\t\t\t<span class=\"elementor-divider-separator\">\n\t\t\t\t\t\t<\/span>\n\t\t<\/div>\n\t\t\t\t<\/div>\n\t\t\t\t<\/div>\n\t\t\t\t\t\t<\/div>\n\t\t\t\t\t<\/div>\n\t\t<\/div>\n\t\t\t\t\t\t\t\t<\/div>\n\t\t\t\t\t<\/div>\n\t\t<\/section>\n\t\t\t\t\t\t\t\t\t<\/div>\n\t\t\t<\/div>\n\t\t\t\t\t<\/div>","protected":false},"excerpt":{"rendered":"<p>Laboratoris Els laboratoris realitzen la major part de les anal\u00edtiques necess\u00e0ries per controlar la idone\u00eftat dels diferents processos de depuraci\u00f3 en continu. El seu objectiu, a m\u00e9s d\u2019agilitzar i facilitar el control de les diferents etapes que formen part de la depuraci\u00f3, \u00e9s el seguiment de la qualitat de l\u2019aigua depurada i regenerada, aix\u00ed com [&hellip;]<\/p>","protected":false},"author":2,"featured_media":0,"parent":33,"menu_order":0,"comment_status":"closed","ping_status":"closed","template":"","meta":[],"acf":[],"yoast_head":"<!-- This site is optimized with the Yoast SEO Premium plugin v15.9.1 - https:\/\/yoast.com\/wordpress\/plugins\/seo\/ -->\n<title>- CACBGI<\/title>\n<link rel=\"canonical\" href=\"https:\/\/www.cacbgi.cat\/es\/serveis\/laboratoris\/\" \/>\n<meta property=\"og:locale\" content=\"es_ES\" \/>\n<meta property=\"og:type\" content=\"article\" \/>\n<meta property=\"og:title\" content=\"- CACBGI\" \/>\n<meta property=\"og:description\" content=\"Laboratoris Els laboratoris realitzen la major part de les anal\u00edtiques necess\u00e0ries per controlar la idone\u00eftat dels diferents processos de depuraci\u00f3 en continu. El seu objectiu, a m\u00e9s d\u2019agilitzar i facilitar el control de les diferents etapes que formen part de la depuraci\u00f3, \u00e9s el seguiment de la qualitat de l\u2019aigua depurada i regenerada, aix\u00ed com [&hellip;]\" \/>\n<meta property=\"og:url\" content=\"https:\/\/www.cacbgi.cat\/es\/serveis\/laboratoris\/\" \/>\n<meta property=\"og:site_name\" content=\"CACBGI\" \/>\n<meta property=\"article:modified_time\" content=\"2021-04-27T12:55:29+00:00\" \/>\n<meta name=\"twitter:card\" content=\"summary_large_image\" \/>\n<meta name=\"twitter:label1\" content=\"Tiempo de lectura\">\n\t<meta name=\"twitter:data1\" content=\"1 minuto\">\n<script type=\"application\/ld+json\" class=\"yoast-schema-graph\">{\"@context\":\"https:\/\/schema.org\",\"@graph\":[{\"@type\":\"WebSite\",\"@id\":\"https:\/\/www.cacbgi.cat\/#website\",\"url\":\"https:\/\/www.cacbgi.cat\/\",\"name\":\"CACBGI\",\"description\":\"Consorci d&#039;Aig\\u00fces Costa Brava, Girona\",\"potentialAction\":[{\"@type\":\"SearchAction\",\"target\":\"https:\/\/www.cacbgi.cat\/?s={search_term_string}\",\"query-input\":\"required name=search_term_string\"}],\"inLanguage\":\"es\"},{\"@type\":\"WebPage\",\"@id\":\"https:\/\/www.cacbgi.cat\/serveis\/laboratoris\/#webpage\",\"url\":\"https:\/\/www.cacbgi.cat\/serveis\/laboratoris\/\",\"name\":\"- CACBGI\",\"isPartOf\":{\"@id\":\"https:\/\/www.cacbgi.cat\/#website\"},\"datePublished\":\"2021-02-26T16:51:59+00:00\",\"dateModified\":\"2021-04-27T12:55:29+00:00\",\"breadcrumb\":{\"@id\":\"https:\/\/www.cacbgi.cat\/serveis\/laboratoris\/#breadcrumb\"},\"inLanguage\":\"es\",\"potentialAction\":[{\"@type\":\"ReadAction\",\"target\":[\"https:\/\/www.cacbgi.cat\/serveis\/laboratoris\/\"]}]},{\"@type\":\"BreadcrumbList\",\"@id\":\"https:\/\/www.cacbgi.cat\/serveis\/laboratoris\/#breadcrumb\",\"itemListElement\":[{\"@type\":\"ListItem\",\"position\":1,\"item\":{\"@type\":\"WebPage\",\"@id\":\"https:\/\/www.cacbgi.cat\/\",\"url\":\"https:\/\/www.cacbgi.cat\/\",\"name\":\"Home\"}},{\"@type\":\"ListItem\",\"position\":2,\"item\":{\"@type\":\"WebPage\",\"@id\":\"https:\/\/www.cacbgi.cat\/serveis\/\",\"url\":\"https:\/\/www.cacbgi.cat\/serveis\/\",\"name\":\"Serveis\"}},{\"@type\":\"ListItem\",\"position\":3,\"item\":{\"@type\":\"WebPage\",\"@id\":\"https:\/\/www.cacbgi.cat\/serveis\/laboratoris\/\",\"url\":\"https:\/\/www.cacbgi.cat\/serveis\/laboratoris\/\",\"name\":\"- CACBGI\"}}]}]}<\/script>\n<!-- \/ Yoast SEO Premium plugin. -->","_links":{"self":[{"href":"https:\/\/www.cacbgi.cat\/es\/wp-json\/wp\/v2\/pages\/3603"}],"collection":[{"href":"https:\/\/www.cacbgi.cat\/es\/wp-json\/wp\/v2\/pages"}],"about":[{"href":"https:\/\/www.cacbgi.cat\/es\/wp-json\/wp\/v2\/types\/page"}],"author":[{"embeddable":true,"href":"https:\/\/www.cacbgi.cat\/es\/wp-json\/wp\/v2\/users\/2"}],"replies":[{"embeddable":true,"href":"https:\/\/www.cacbgi.cat\/es\/wp-json\/wp\/v2\/comments?post=3603"}],"version-history":[{"count":20,"href":"https:\/\/www.cacbgi.cat\/es\/wp-json\/wp\/v2\/pages\/3603\/revisions"}],"predecessor-version":[{"id":4888,"href":"https:\/\/www.cacbgi.cat\/es\/wp-json\/wp\/v2\/pages\/3603\/revisions\/4888"}],"up":[{"embeddable":true,"href":"https:\/\/www.cacbgi.cat\/es\/wp-json\/wp\/v2\/pages\/33"}],"wp:attachment":[{"href":"https:\/\/www.cacbgi.cat\/es\/wp-json\/wp\/v2\/media?parent=3603"}],"curies":[{"name":"wp","href":"https:\/\/api.w.org\/{rel}","templated":true}]}}