{"id":3624,"date":"2021-02-26T18:23:06","date_gmt":"2021-02-26T17:23:06","guid":{"rendered":"https:\/\/www.cacbgi.cat\/?page_id=3624"},"modified":"2021-04-27T14:57:57","modified_gmt":"2021-04-27T12:57:57","slug":"valoritzacio-de-residus","status":"publish","type":"page","link":"https:\/\/www.cacbgi.cat\/es\/serveis\/valoritzacio-de-residus\/","title":{"rendered":""},"content":{"rendered":"<div data-elementor-type=\"wp-page\" data-elementor-id=\"3624\" class=\"elementor elementor-3624\" data-elementor-post-type=\"page\">\n\t\t\t\t\t\t<div class=\"elementor-inner\">\n\t\t\t\t<div class=\"elementor-section-wrap\">\n\t\t\t\t\t\t\t\t\t<section data-particle_enable=\"false\" data-particle-mobile-disabled=\"false\" class=\"elementor-section elementor-top-section elementor-element elementor-element-53a2ce95 elementor-section-boxed elementor-section-height-default elementor-section-height-default\" data-id=\"53a2ce95\" data-element_type=\"section\" data-settings=\"{&quot;background_background&quot;:&quot;classic&quot;}\">\n\t\t\t\t\t\t<div class=\"elementor-container elementor-column-gap-default\">\n\t\t\t\t\t\t\t<div class=\"elementor-row\">\n\t\t\t\t\t<div data-dce-background-color=\"#009DE2\" class=\"elementor-column elementor-col-50 elementor-top-column elementor-element elementor-element-56a9eae1\" data-id=\"56a9eae1\" data-element_type=\"column\" data-settings=\"{&quot;background_background&quot;:&quot;classic&quot;}\">\n\t\t\t<div class=\"elementor-column-wrap elementor-element-populated\">\n\t\t\t\t\t\t\t<div class=\"elementor-widget-wrap\">\n\t\t\t\t\t\t<div class=\"elementor-element elementor-element-5e875a51 elementor-widget elementor-widget-text-editor\" data-id=\"5e875a51\" data-element_type=\"widget\" data-widget_type=\"text-editor.default\">\n\t\t\t\t<div class=\"elementor-widget-container\">\n\t\t\t\t\t\t\t\t<div class=\"elementor-text-editor elementor-clearfix\">\n\t\t\t\t<p><strong>Valorizaci\u00f3n de residuos<\/strong><\/p>\t\t\t\t\t<\/div>\n\t\t\t\t\t\t<\/div>\n\t\t\t\t<\/div>\n\t\t\t\t\t\t<\/div>\n\t\t\t\t\t<\/div>\n\t\t<\/div>\n\t\t\t\t<div data-dce-background-color=\"#009DE2\" class=\"elementor-column elementor-col-50 elementor-top-column elementor-element elementor-element-10acf78a\" data-id=\"10acf78a\" data-element_type=\"column\" data-settings=\"{&quot;background_background&quot;:&quot;classic&quot;}\">\n\t\t\t<div class=\"elementor-column-wrap\">\n\t\t\t\t\t\t\t<div class=\"elementor-widget-wrap\">\n\t\t\t\t\t\t\t\t<\/div>\n\t\t\t\t\t<\/div>\n\t\t<\/div>\n\t\t\t\t\t\t\t\t<\/div>\n\t\t\t\t\t<\/div>\n\t\t<\/section>\n\t\t\t\t<section data-particle_enable=\"false\" data-particle-mobile-disabled=\"false\" class=\"elementor-section elementor-top-section elementor-element elementor-element-56e69010 elementor-section-boxed elementor-section-height-default elementor-section-height-default\" data-id=\"56e69010\" data-element_type=\"section\">\n\t\t\t\t\t\t<div class=\"elementor-container elementor-column-gap-default\">\n\t\t\t\t\t\t\t<div class=\"elementor-row\">\n\t\t\t\t\t<div data-dce-background-color=\"#FFFFFF\" class=\"elementor-column elementor-col-100 elementor-top-column elementor-element elementor-element-7a4b94ac\" data-id=\"7a4b94ac\" data-element_type=\"column\" data-settings=\"{&quot;background_background&quot;:&quot;classic&quot;}\">\n\t\t\t<div class=\"elementor-column-wrap elementor-element-populated\">\n\t\t\t\t\t\t\t<div class=\"elementor-widget-wrap\">\n\t\t\t\t\t\t<section data-particle_enable=\"false\" data-particle-mobile-disabled=\"false\" class=\"elementor-section elementor-inner-section elementor-element elementor-element-4d34dfed elementor-section-boxed elementor-section-height-default elementor-section-height-default\" data-id=\"4d34dfed\" data-element_type=\"section\">\n\t\t\t\t\t\t<div class=\"elementor-container elementor-column-gap-default\">\n\t\t\t\t\t\t\t<div class=\"elementor-row\">\n\t\t\t\t\t<div class=\"elementor-column elementor-col-50 elementor-inner-column elementor-element elementor-element-4fd6b25f\" data-id=\"4fd6b25f\" data-element_type=\"column\">\n\t\t\t<div class=\"elementor-column-wrap elementor-element-populated\">\n\t\t\t\t\t\t\t<div class=\"elementor-widget-wrap\">\n\t\t\t\t\t\t<div class=\"elementor-element elementor-element-7c525025 elementor-widget elementor-widget-text-editor\" data-id=\"7c525025\" data-element_type=\"widget\" data-widget_type=\"text-editor.default\">\n\t\t\t\t<div class=\"elementor-widget-container\">\n\t\t\t\t\t\t\t\t<div class=\"elementor-text-editor elementor-clearfix\">\n\t\t\t\t<div class=\"col-lg-12 col-xl-5\"><div class=\"col-xl-5 pb-3 pb-xl-0\"><p class=\"text-justify\">En el Consorcio de Aguas Costa Brava Girona tenemos especial cuidado en la gesti\u00f3n de los residuos. Disponemos de un protocolo de residuos el que define c\u00f3mo se realiza la gesti\u00f3n de los residuos dentro del sistema de gesti\u00f3n ambiental seg\u00fan la ISO 14001.<\/p><p class=\"text-justify\">La gesti\u00f3n de los residuos conlleva su clasificaci\u00f3n, almacenamiento, transporte y gesti\u00f3n externa de los mismos, a fin de garantizar el cumplimiento de los requisitos legales exigibles al respeto y la protecci\u00f3n del medio ambiente. Como v\u00eda de gesti\u00f3n del residuo, siempre que sea posible, hay que priorizar siempre la valorizaci\u00f3n o env\u00edo a centro de transferencia (reutilizaci\u00f3n, reciclaje, desechos, retorno al proveedor ...) por delante de la deposici\u00f3n en vertedero o incineraci\u00f3n.<\/p><p class=\"text-justify\">Disponemos de puntos verdes de almacenamiento de los residuos previamente a ser recogidos y gestionados por gestores autorizados o bien llevados a los centros de recogida.<\/p><\/div><\/div>\t\t\t\t\t<\/div>\n\t\t\t\t\t\t<\/div>\n\t\t\t\t<\/div>\n\t\t\t\t\t\t<\/div>\n\t\t\t\t\t<\/div>\n\t\t<\/div>\n\t\t\t\t<div class=\"elementor-column elementor-col-50 elementor-inner-column elementor-element elementor-element-44e11ce\" data-id=\"44e11ce\" data-element_type=\"column\">\n\t\t\t<div class=\"elementor-column-wrap elementor-element-populated\">\n\t\t\t\t\t\t\t<div class=\"elementor-widget-wrap\">\n\t\t\t\t\t\t<div class=\"elementor-element elementor-element-c29a9fb dce_masking-none elementor-widget elementor-widget-image\" data-id=\"c29a9fb\" data-element_type=\"widget\" data-widget_type=\"image.default\">\n\t\t\t\t<div class=\"elementor-widget-container\">\n\t\t\t\t\t\t\t\t<div class=\"elementor-image\">\n\t\t\t\t\t\t\t\t\t\t\t\t\t<a href=\"https:\/\/www.cacbgi.cat\/wp-content\/uploads\/2021\/02\/valoritzacio-residus.866268a1.jpg\" data-elementor-open-lightbox=\"yes\" data-elementor-lightbox-title=\"valoritzacio-residus.866268a1\" data-e-action-hash=\"#elementor-action%3Aaction%3Dlightbox%26settings%3DeyJpZCI6MzY0OCwidXJsIjoiaHR0cHM6XC9cL3d3dy5jYWNiZ2kuY2F0XC93cC1jb250ZW50XC91cGxvYWRzXC8yMDIxXC8wMlwvdmFsb3JpdHphY2lvLXJlc2lkdXMuODY2MjY4YTEuanBnIn0%3D\">\n\t\t\t\t\t\t\t<img decoding=\"async\" width=\"800\" height=\"533\" src=\"https:\/\/www.cacbgi.cat\/wp-content\/uploads\/2021\/02\/valoritzacio-residus.866268a1.jpg\" class=\"attachment-large size-large wp-image-3648\" alt=\"\" loading=\"lazy\" srcset=\"https:\/\/www.cacbgi.cat\/wp-content\/uploads\/2021\/02\/valoritzacio-residus.866268a1.jpg 930w, https:\/\/www.cacbgi.cat\/wp-content\/uploads\/2021\/02\/valoritzacio-residus.866268a1-300x200.jpg 300w, https:\/\/www.cacbgi.cat\/wp-content\/uploads\/2021\/02\/valoritzacio-residus.866268a1-768x512.jpg 768w, https:\/\/www.cacbgi.cat\/wp-content\/uploads\/2021\/02\/valoritzacio-residus.866268a1-16x12.jpg 16w\" sizes=\"(max-width: 800px) 100vw, 800px\" \/>\t\t\t\t\t\t\t\t<\/a>\n\t\t\t\t\t\t\t\t\t\t\t\t\t\t<\/div>\n\t\t\t\t\t\t<\/div>\n\t\t\t\t<\/div>\n\t\t\t\t\t\t<\/div>\n\t\t\t\t\t<\/div>\n\t\t<\/div>\n\t\t\t\t\t\t\t\t<\/div>\n\t\t\t\t\t<\/div>\n\t\t<\/section>\n\t\t\t\t\t\t<\/div>\n\t\t\t\t\t<\/div>\n\t\t<\/div>\n\t\t\t\t\t\t\t\t<\/div>\n\t\t\t\t\t<\/div>\n\t\t<\/section>\n\t\t\t\t<section data-particle_enable=\"false\" data-particle-mobile-disabled=\"false\" class=\"elementor-section elementor-top-section elementor-element elementor-element-21aa1be0 elementor-section-boxed elementor-section-height-default elementor-section-height-default\" data-id=\"21aa1be0\" data-element_type=\"section\">\n\t\t\t\t\t\t<div class=\"elementor-container elementor-column-gap-default\">\n\t\t\t\t\t\t\t<div class=\"elementor-row\">\n\t\t\t\t\t<div data-dce-background-color=\"#FFFFFF\" class=\"elementor-column elementor-col-100 elementor-top-column elementor-element elementor-element-2b518060\" data-id=\"2b518060\" data-element_type=\"column\" data-settings=\"{&quot;background_background&quot;:&quot;classic&quot;}\">\n\t\t\t<div class=\"elementor-column-wrap elementor-element-populated\">\n\t\t\t\t\t\t\t<div class=\"elementor-widget-wrap\">\n\t\t\t\t\t\t<div class=\"elementor-element elementor-element-56fe3d36 elementor-widget-divider--view-line elementor-widget elementor-widget-divider\" data-id=\"56fe3d36\" data-element_type=\"widget\" data-widget_type=\"divider.default\">\n\t\t\t\t<div class=\"elementor-widget-container\">\n\t\t\t\t\t<div class=\"elementor-divider\">\n\t\t\t<span class=\"elementor-divider-separator\">\n\t\t\t\t\t\t<\/span>\n\t\t<\/div>\n\t\t\t\t<\/div>\n\t\t\t\t<\/div>\n\t\t\t\t\t\t<\/div>\n\t\t\t\t\t<\/div>\n\t\t<\/div>\n\t\t\t\t\t\t\t\t<\/div>\n\t\t\t\t\t<\/div>\n\t\t<\/section>\n\t\t\t\t\t\t\t\t\t<\/div>\n\t\t\t<\/div>\n\t\t\t\t\t<\/div>","protected":false},"excerpt":{"rendered":"<p>Valoritzaci\u00f3 de residus Al Consorci d&#8217;Aig\u00fces Costa Brava Girona tenim especial cura en la gesti\u00f3 dels residus. Disposem d\u2019un protocol de residus el qual defineix com es realitza la gesti\u00f3 dels residus dins del sistema de gesti\u00f3 ambiental segons la ISO 14001. La gesti\u00f3 dels residus comporta la seva classificaci\u00f3, emmagatzematge, transport i gesti\u00f3 externa [&hellip;]<\/p>","protected":false},"author":2,"featured_media":0,"parent":33,"menu_order":0,"comment_status":"closed","ping_status":"closed","template":"","meta":[],"acf":[],"yoast_head":"<!-- This site is optimized with the Yoast SEO Premium plugin v15.9.1 - https:\/\/yoast.com\/wordpress\/plugins\/seo\/ -->\n<title>- CACBGI<\/title>\n<link rel=\"canonical\" href=\"https:\/\/www.cacbgi.cat\/es\/serveis\/valoritzacio-de-residus\/\" \/>\n<meta property=\"og:locale\" content=\"es_ES\" \/>\n<meta property=\"og:type\" content=\"article\" \/>\n<meta property=\"og:title\" content=\"- CACBGI\" \/>\n<meta property=\"og:description\" content=\"Valoritzaci\u00f3 de residus Al Consorci d&#8217;Aig\u00fces Costa Brava Girona tenim especial cura en la gesti\u00f3 dels residus. Disposem d\u2019un protocol de residus el qual defineix com es realitza la gesti\u00f3 dels residus dins del sistema de gesti\u00f3 ambiental segons la ISO 14001. La gesti\u00f3 dels residus comporta la seva classificaci\u00f3, emmagatzematge, transport i gesti\u00f3 externa [&hellip;]\" \/>\n<meta property=\"og:url\" content=\"https:\/\/www.cacbgi.cat\/es\/serveis\/valoritzacio-de-residus\/\" \/>\n<meta property=\"og:site_name\" content=\"CACBGI\" \/>\n<meta property=\"article:modified_time\" content=\"2021-04-27T12:57:57+00:00\" \/>\n<meta property=\"og:image\" content=\"https:\/\/www.cacbgi.cat\/wp-content\/uploads\/2021\/02\/valoritzacio-residus.866268a1.jpg\" \/>\n<meta name=\"twitter:card\" content=\"summary_large_image\" \/>\n<meta name=\"twitter:label1\" content=\"Tiempo de lectura\">\n\t<meta name=\"twitter:data1\" content=\"1 minuto\">\n<script type=\"application\/ld+json\" class=\"yoast-schema-graph\">{\"@context\":\"https:\/\/schema.org\",\"@graph\":[{\"@type\":\"WebSite\",\"@id\":\"https:\/\/www.cacbgi.cat\/#website\",\"url\":\"https:\/\/www.cacbgi.cat\/\",\"name\":\"CACBGI\",\"description\":\"Consorci d&#039;Aig\\u00fces Costa Brava, Girona\",\"potentialAction\":[{\"@type\":\"SearchAction\",\"target\":\"https:\/\/www.cacbgi.cat\/?s={search_term_string}\",\"query-input\":\"required name=search_term_string\"}],\"inLanguage\":\"es\"},{\"@type\":\"ImageObject\",\"@id\":\"https:\/\/www.cacbgi.cat\/es\/serveis\/valoritzacio-de-residus\/#primaryimage\",\"inLanguage\":\"es\",\"url\":\"https:\/\/www.cacbgi.cat\/wp-content\/uploads\/2021\/02\/valoritzacio-residus.866268a1.jpg\"},{\"@type\":\"WebPage\",\"@id\":\"https:\/\/www.cacbgi.cat\/es\/serveis\/valoritzacio-de-residus\/#webpage\",\"url\":\"https:\/\/www.cacbgi.cat\/es\/serveis\/valoritzacio-de-residus\/\",\"name\":\"- CACBGI\",\"isPartOf\":{\"@id\":\"https:\/\/www.cacbgi.cat\/#website\"},\"primaryImageOfPage\":{\"@id\":\"https:\/\/www.cacbgi.cat\/es\/serveis\/valoritzacio-de-residus\/#primaryimage\"},\"datePublished\":\"2021-02-26T17:23:06+00:00\",\"dateModified\":\"2021-04-27T12:57:57+00:00\",\"breadcrumb\":{\"@id\":\"https:\/\/www.cacbgi.cat\/es\/serveis\/valoritzacio-de-residus\/#breadcrumb\"},\"inLanguage\":\"es\",\"potentialAction\":[{\"@type\":\"ReadAction\",\"target\":[\"https:\/\/www.cacbgi.cat\/es\/serveis\/valoritzacio-de-residus\/\"]}]},{\"@type\":\"BreadcrumbList\",\"@id\":\"https:\/\/www.cacbgi.cat\/es\/serveis\/valoritzacio-de-residus\/#breadcrumb\",\"itemListElement\":[{\"@type\":\"ListItem\",\"position\":1,\"item\":{\"@type\":\"WebPage\",\"@id\":\"https:\/\/www.cacbgi.cat\/\",\"url\":\"https:\/\/www.cacbgi.cat\/\",\"name\":\"Home\"}},{\"@type\":\"ListItem\",\"position\":2,\"item\":{\"@type\":\"WebPage\",\"@id\":\"https:\/\/www.cacbgi.cat\/serveis\/\",\"url\":\"https:\/\/www.cacbgi.cat\/serveis\/\",\"name\":\"Serveis\"}},{\"@type\":\"ListItem\",\"position\":3,\"item\":{\"@type\":\"WebPage\",\"@id\":\"https:\/\/www.cacbgi.cat\/es\/serveis\/valoritzacio-de-residus\/\",\"url\":\"https:\/\/www.cacbgi.cat\/es\/serveis\/valoritzacio-de-residus\/\",\"name\":\"- CACBGI\"}}]}]}<\/script>\n<!-- \/ Yoast SEO Premium plugin. -->","_links":{"self":[{"href":"https:\/\/www.cacbgi.cat\/es\/wp-json\/wp\/v2\/pages\/3624"}],"collection":[{"href":"https:\/\/www.cacbgi.cat\/es\/wp-json\/wp\/v2\/pages"}],"about":[{"href":"https:\/\/www.cacbgi.cat\/es\/wp-json\/wp\/v2\/types\/page"}],"author":[{"embeddable":true,"href":"https:\/\/www.cacbgi.cat\/es\/wp-json\/wp\/v2\/users\/2"}],"replies":[{"embeddable":true,"href":"https:\/\/www.cacbgi.cat\/es\/wp-json\/wp\/v2\/comments?post=3624"}],"version-history":[{"count":12,"href":"https:\/\/www.cacbgi.cat\/es\/wp-json\/wp\/v2\/pages\/3624\/revisions"}],"predecessor-version":[{"id":4892,"href":"https:\/\/www.cacbgi.cat\/es\/wp-json\/wp\/v2\/pages\/3624\/revisions\/4892"}],"up":[{"embeddable":true,"href":"https:\/\/www.cacbgi.cat\/es\/wp-json\/wp\/v2\/pages\/33"}],"wp:attachment":[{"href":"https:\/\/www.cacbgi.cat\/es\/wp-json\/wp\/v2\/media?parent=3624"}],"curies":[{"name":"wp","href":"https:\/\/api.w.org\/{rel}","templated":true}]}}