{"id":3677,"date":"2021-02-26T18:50:35","date_gmt":"2021-02-26T17:50:35","guid":{"rendered":"https:\/\/www.cacbgi.cat\/?page_id=3677"},"modified":"2021-04-27T14:21:52","modified_gmt":"2021-04-27T12:21:52","slug":"compost","status":"publish","type":"page","link":"https:\/\/www.cacbgi.cat\/es\/serveis\/compost\/","title":{"rendered":""},"content":{"rendered":"<div data-elementor-type=\"wp-page\" data-elementor-id=\"3677\" class=\"elementor elementor-3677\" data-elementor-post-type=\"page\">\n\t\t\t\t\t\t<div class=\"elementor-inner\">\n\t\t\t\t<div class=\"elementor-section-wrap\">\n\t\t\t\t\t\t\t\t\t<section data-particle_enable=\"false\" data-particle-mobile-disabled=\"false\" class=\"elementor-section elementor-top-section elementor-element elementor-element-53a2ce95 elementor-section-boxed elementor-section-height-default elementor-section-height-default\" data-id=\"53a2ce95\" data-element_type=\"section\" data-settings=\"{&quot;background_background&quot;:&quot;classic&quot;}\">\n\t\t\t\t\t\t<div class=\"elementor-container elementor-column-gap-default\">\n\t\t\t\t\t\t\t<div class=\"elementor-row\">\n\t\t\t\t\t<div data-dce-background-color=\"#009DE2\" class=\"elementor-column elementor-col-50 elementor-top-column elementor-element elementor-element-56a9eae1\" data-id=\"56a9eae1\" data-element_type=\"column\" data-settings=\"{&quot;background_background&quot;:&quot;classic&quot;}\">\n\t\t\t<div class=\"elementor-column-wrap elementor-element-populated\">\n\t\t\t\t\t\t\t<div class=\"elementor-widget-wrap\">\n\t\t\t\t\t\t<div class=\"elementor-element elementor-element-5e875a51 elementor-widget elementor-widget-text-editor\" data-id=\"5e875a51\" data-element_type=\"widget\" data-widget_type=\"text-editor.default\">\n\t\t\t\t<div class=\"elementor-widget-container\">\n\t\t\t\t\t\t\t\t<div class=\"elementor-text-editor elementor-clearfix\">\n\t\t\t\t<p><strong>Compostaje<\/strong><\/p>\t\t\t\t\t<\/div>\n\t\t\t\t\t\t<\/div>\n\t\t\t\t<\/div>\n\t\t\t\t\t\t<\/div>\n\t\t\t\t\t<\/div>\n\t\t<\/div>\n\t\t\t\t<div data-dce-background-color=\"#009DE2\" class=\"elementor-column elementor-col-50 elementor-top-column elementor-element elementor-element-10acf78a\" data-id=\"10acf78a\" data-element_type=\"column\" data-settings=\"{&quot;background_background&quot;:&quot;classic&quot;}\">\n\t\t\t<div class=\"elementor-column-wrap\">\n\t\t\t\t\t\t\t<div class=\"elementor-widget-wrap\">\n\t\t\t\t\t\t\t\t<\/div>\n\t\t\t\t\t<\/div>\n\t\t<\/div>\n\t\t\t\t\t\t\t\t<\/div>\n\t\t\t\t\t<\/div>\n\t\t<\/section>\n\t\t\t\t<section data-particle_enable=\"false\" data-particle-mobile-disabled=\"false\" class=\"elementor-section elementor-top-section elementor-element elementor-element-56e69010 elementor-section-boxed elementor-section-height-default elementor-section-height-default\" data-id=\"56e69010\" data-element_type=\"section\">\n\t\t\t\t\t\t<div class=\"elementor-container elementor-column-gap-default\">\n\t\t\t\t\t\t\t<div class=\"elementor-row\">\n\t\t\t\t\t<div data-dce-background-color=\"#FFFFFF\" class=\"elementor-column elementor-col-100 elementor-top-column elementor-element elementor-element-7a4b94ac\" data-id=\"7a4b94ac\" data-element_type=\"column\" data-settings=\"{&quot;background_background&quot;:&quot;classic&quot;}\">\n\t\t\t<div class=\"elementor-column-wrap elementor-element-populated\">\n\t\t\t\t\t\t\t<div class=\"elementor-widget-wrap\">\n\t\t\t\t\t\t<section data-particle_enable=\"false\" data-particle-mobile-disabled=\"false\" class=\"elementor-section elementor-inner-section elementor-element elementor-element-4d34dfed elementor-section-boxed elementor-section-height-default elementor-section-height-default\" data-id=\"4d34dfed\" data-element_type=\"section\">\n\t\t\t\t\t\t<div class=\"elementor-container elementor-column-gap-default\">\n\t\t\t\t\t\t\t<div class=\"elementor-row\">\n\t\t\t\t\t<div class=\"elementor-column elementor-col-50 elementor-inner-column elementor-element elementor-element-4fd6b25f\" data-id=\"4fd6b25f\" data-element_type=\"column\">\n\t\t\t<div class=\"elementor-column-wrap elementor-element-populated\">\n\t\t\t\t\t\t\t<div class=\"elementor-widget-wrap\">\n\t\t\t\t\t\t<div class=\"elementor-element elementor-element-7c525025 elementor-widget elementor-widget-text-editor\" data-id=\"7c525025\" data-element_type=\"widget\" data-widget_type=\"text-editor.default\">\n\t\t\t\t<div class=\"elementor-widget-container\">\n\t\t\t\t\t\t\t\t<div class=\"elementor-text-editor elementor-clearfix\">\n\t\t\t\t<div class=\"col-lg-12 col-xl-5\"><div class=\"col-xl-5 pb-3 pb-xl-0\"><p class=\"text-justify\">El compostaje es una tecnolog\u00eda que contribuye al desarrollo sostenible dado que facilita la eliminaci\u00f3n de residuos, valoriz\u00e1ndolos para su uso como fertilizante de manera que permite el retorno al suelo de la materia org\u00e1nica y los nutrientes vegetales, introduci\u00e9ndola de nuevo en los ciclos biol\u00f3gicos.<\/p><p class=\"text-justify pb-4\">En la planta de compostaje de Blanes se ha compostado el 32% de los lodos producidos, generando un producto fertilizante que ha sido utilizado por empresas de jardiner\u00eda de la zona.<\/p><\/div><\/div>\t\t\t\t\t<\/div>\n\t\t\t\t\t\t<\/div>\n\t\t\t\t<\/div>\n\t\t\t\t\t\t<\/div>\n\t\t\t\t\t<\/div>\n\t\t<\/div>\n\t\t\t\t<div class=\"elementor-column elementor-col-50 elementor-inner-column elementor-element elementor-element-44e11ce\" data-id=\"44e11ce\" data-element_type=\"column\">\n\t\t\t<div class=\"elementor-column-wrap elementor-element-populated\">\n\t\t\t\t\t\t\t<div class=\"elementor-widget-wrap\">\n\t\t\t\t\t\t<div class=\"elementor-element elementor-element-7ae4696 elementor-widget elementor-widget-image-gallery\" data-id=\"7ae4696\" data-element_type=\"widget\" data-widget_type=\"image-gallery.default\">\n\t\t\t\t<div class=\"elementor-widget-container\">\n\t\t\t\t\t<div class=\"elementor-image-gallery\">\n\t\t\t<div id='gallery-1' class='gallery galleryid-3677 gallery-columns-3 gallery-size-thumbnail'><figure class='gallery-item'>\n\t\t\t<div class='gallery-icon landscape'>\n\t\t\t\t<a data-elementor-open-lightbox=\"yes\" data-elementor-lightbox-slideshow=\"7ae4696\" data-elementor-lightbox-title=\"compost-blanes-2.8dd825d5\" data-e-action-hash=\"#elementor-action%3Aaction%3Dlightbox%26settings%3DeyJpZCI6MzY4MywidXJsIjoiaHR0cHM6XC9cL3d3dy5jYWNiZ2kuY2F0XC93cC1jb250ZW50XC91cGxvYWRzXC8yMDIxXC8wMlwvY29tcG9zdC1ibGFuZXMtMi44ZGQ4MjVkNS5qcGciLCJzbGlkZXNob3ciOiI3YWU0Njk2In0%3D\" href='https:\/\/www.cacbgi.cat\/wp-content\/uploads\/2021\/02\/compost-blanes-2.8dd825d5.jpg'><img width=\"150\" height=\"150\" src=\"https:\/\/www.cacbgi.cat\/wp-content\/uploads\/2021\/02\/compost-blanes-2.8dd825d5-150x150.jpg\" class=\"attachment-thumbnail size-thumbnail\" alt=\"\" decoding=\"async\" loading=\"lazy\" \/><\/a>\n\t\t\t<\/div><\/figure><figure class='gallery-item'>\n\t\t\t<div class='gallery-icon landscape'>\n\t\t\t\t<a data-elementor-open-lightbox=\"yes\" data-elementor-lightbox-slideshow=\"7ae4696\" data-elementor-lightbox-title=\"compost-blanes-3.61321a8f\" data-e-action-hash=\"#elementor-action%3Aaction%3Dlightbox%26settings%3DeyJpZCI6MzY4NCwidXJsIjoiaHR0cHM6XC9cL3d3dy5jYWNiZ2kuY2F0XC93cC1jb250ZW50XC91cGxvYWRzXC8yMDIxXC8wMlwvY29tcG9zdC1ibGFuZXMtMy42MTMyMWE4Zi5qcGciLCJzbGlkZXNob3ciOiI3YWU0Njk2In0%3D\" href='https:\/\/www.cacbgi.cat\/wp-content\/uploads\/2021\/02\/compost-blanes-3.61321a8f.jpg'><img width=\"150\" height=\"150\" src=\"https:\/\/www.cacbgi.cat\/wp-content\/uploads\/2021\/02\/compost-blanes-3.61321a8f-150x150.jpg\" class=\"attachment-thumbnail size-thumbnail\" alt=\"Compost\" decoding=\"async\" loading=\"lazy\" \/><\/a>\n\t\t\t<\/div><\/figure><figure class='gallery-item'>\n\t\t\t<div class='gallery-icon landscape'>\n\t\t\t\t<a data-elementor-open-lightbox=\"yes\" data-elementor-lightbox-slideshow=\"7ae4696\" data-elementor-lightbox-title=\"compost-blanes-4.f66b8b28\" data-e-action-hash=\"#elementor-action%3Aaction%3Dlightbox%26settings%3DeyJpZCI6MzY4NSwidXJsIjoiaHR0cHM6XC9cL3d3dy5jYWNiZ2kuY2F0XC93cC1jb250ZW50XC91cGxvYWRzXC8yMDIxXC8wMlwvY29tcG9zdC1ibGFuZXMtNC5mNjZiOGIyOC5qcGciLCJzbGlkZXNob3ciOiI3YWU0Njk2In0%3D\" href='https:\/\/www.cacbgi.cat\/wp-content\/uploads\/2021\/02\/compost-blanes-4.f66b8b28.jpg'><img width=\"150\" height=\"150\" src=\"https:\/\/www.cacbgi.cat\/wp-content\/uploads\/2021\/02\/compost-blanes-4.f66b8b28-150x150.jpg\" class=\"attachment-thumbnail size-thumbnail\" alt=\"Compost\" decoding=\"async\" loading=\"lazy\" \/><\/a>\n\t\t\t<\/div><\/figure>\n\t\t<\/div>\n\t\t<\/div>\n\t\t\t\t<\/div>\n\t\t\t\t<\/div>\n\t\t\t\t\t\t<\/div>\n\t\t\t\t\t<\/div>\n\t\t<\/div>\n\t\t\t\t\t\t\t\t<\/div>\n\t\t\t\t\t<\/div>\n\t\t<\/section>\n\t\t\t\t<div class=\"elementor-element elementor-element-fa415da dce_masking-none elementor-widget elementor-widget-image\" data-id=\"fa415da\" data-element_type=\"widget\" data-widget_type=\"image.default\">\n\t\t\t\t<div class=\"elementor-widget-container\">\n\t\t\t\t\t\t\t\t<div class=\"elementor-image\">\n\t\t\t\t\t\t\t\t\t\t\t\t\t<a href=\"https:\/\/www.cacbgi.cat\/wp-content\/uploads\/2021\/03\/grafica_compost2.jpg\" data-elementor-open-lightbox=\"yes\" data-elementor-lightbox-title=\"grafica_compost2\" data-e-action-hash=\"#elementor-action%3Aaction%3Dlightbox%26settings%3DeyJpZCI6NDI5MiwidXJsIjoiaHR0cHM6XC9cL3d3dy5jYWNiZ2kuY2F0XC93cC1jb250ZW50XC91cGxvYWRzXC8yMDIxXC8wM1wvZ3JhZmljYV9jb21wb3N0Mi5qcGcifQ%3D%3D\">\n\t\t\t\t\t\t\t<img decoding=\"async\" width=\"403\" height=\"201\" src=\"https:\/\/www.cacbgi.cat\/wp-content\/uploads\/2021\/03\/grafica_compost2.jpg\" class=\"attachment-medium_large size-medium_large wp-image-4292\" alt=\"gesti\u00f3 fangs\" loading=\"lazy\" srcset=\"https:\/\/www.cacbgi.cat\/wp-content\/uploads\/2021\/03\/grafica_compost2.jpg 403w, https:\/\/www.cacbgi.cat\/wp-content\/uploads\/2021\/03\/grafica_compost2-300x150.jpg 300w, https:\/\/www.cacbgi.cat\/wp-content\/uploads\/2021\/03\/grafica_compost2-16x8.jpg 16w\" sizes=\"(max-width: 403px) 100vw, 403px\" \/>\t\t\t\t\t\t\t\t<\/a>\n\t\t\t\t\t\t\t\t\t\t\t\t\t\t<\/div>\n\t\t\t\t\t\t<\/div>\n\t\t\t\t<\/div>\n\t\t\t\t\t\t<\/div>\n\t\t\t\t\t<\/div>\n\t\t<\/div>\n\t\t\t\t\t\t\t\t<\/div>\n\t\t\t\t\t<\/div>\n\t\t<\/section>\n\t\t\t\t<section data-particle_enable=\"false\" data-particle-mobile-disabled=\"false\" class=\"elementor-section elementor-top-section elementor-element elementor-element-21aa1be0 elementor-section-boxed elementor-section-height-default elementor-section-height-default\" data-id=\"21aa1be0\" data-element_type=\"section\">\n\t\t\t\t\t\t<div class=\"elementor-container elementor-column-gap-default\">\n\t\t\t\t\t\t\t<div class=\"elementor-row\">\n\t\t\t\t\t<div data-dce-background-color=\"#FFFFFF\" class=\"elementor-column elementor-col-100 elementor-top-column elementor-element elementor-element-2b518060\" data-id=\"2b518060\" data-element_type=\"column\" data-settings=\"{&quot;background_background&quot;:&quot;classic&quot;}\">\n\t\t\t<div class=\"elementor-column-wrap elementor-element-populated\">\n\t\t\t\t\t\t\t<div class=\"elementor-widget-wrap\">\n\t\t\t\t\t\t<div class=\"elementor-element elementor-element-56fe3d36 elementor-widget-divider--view-line elementor-widget elementor-widget-divider\" data-id=\"56fe3d36\" data-element_type=\"widget\" data-widget_type=\"divider.default\">\n\t\t\t\t<div class=\"elementor-widget-container\">\n\t\t\t\t\t<div class=\"elementor-divider\">\n\t\t\t<span class=\"elementor-divider-separator\">\n\t\t\t\t\t\t<\/span>\n\t\t<\/div>\n\t\t\t\t<\/div>\n\t\t\t\t<\/div>\n\t\t\t\t\t\t<\/div>\n\t\t\t\t\t<\/div>\n\t\t<\/div>\n\t\t\t\t\t\t\t\t<\/div>\n\t\t\t\t\t<\/div>\n\t\t<\/section>\n\t\t\t\t\t\t\t\t\t<\/div>\n\t\t\t<\/div>\n\t\t\t\t\t<\/div>","protected":false},"excerpt":{"rendered":"<p>Compost El compostatge \u00e9s una tecnologia que contribueix al desenvolupament sostenible at\u00e8s que facilita l\u2019eliminaci\u00f3 de residus, valoritzant-los per al seu \u00fas com a fertilitzant de manera que permet el retorn al s\u00f2l de la mat\u00e8ria org\u00e0nica i dels nutrients vegetals, introduint-la de nou en els cicles biol\u00f2gics. A la planta de compostatge de Blanes [&hellip;]<\/p>","protected":false},"author":2,"featured_media":0,"parent":33,"menu_order":0,"comment_status":"closed","ping_status":"closed","template":"","meta":[],"acf":[],"yoast_head":"<!-- This site is optimized with the Yoast SEO Premium plugin v15.9.1 - https:\/\/yoast.com\/wordpress\/plugins\/seo\/ -->\n<title>- CACBGI<\/title>\n<link rel=\"canonical\" href=\"https:\/\/www.cacbgi.cat\/es\/serveis\/compost\/\" \/>\n<meta property=\"og:locale\" content=\"es_ES\" \/>\n<meta property=\"og:type\" content=\"article\" \/>\n<meta property=\"og:title\" content=\"- CACBGI\" \/>\n<meta property=\"og:description\" content=\"Compost El compostatge \u00e9s una tecnologia que contribueix al desenvolupament sostenible at\u00e8s que facilita l\u2019eliminaci\u00f3 de residus, valoritzant-los per al seu \u00fas com a fertilitzant de manera que permet el retorn al s\u00f2l de la mat\u00e8ria org\u00e0nica i dels nutrients vegetals, introduint-la de nou en els cicles biol\u00f2gics. A la planta de compostatge de Blanes [&hellip;]\" \/>\n<meta property=\"og:url\" content=\"https:\/\/www.cacbgi.cat\/es\/serveis\/compost\/\" \/>\n<meta property=\"og:site_name\" content=\"CACBGI\" \/>\n<meta property=\"article:modified_time\" content=\"2021-04-27T12:21:52+00:00\" \/>\n<meta property=\"og:image\" content=\"https:\/\/www.cacbgi.cat\/wp-content\/uploads\/2021\/02\/compost-blanes-2.8dd825d5-150x150.jpg\" \/>\n<meta name=\"twitter:card\" content=\"summary_large_image\" \/>\n<script type=\"application\/ld+json\" class=\"yoast-schema-graph\">{\"@context\":\"https:\/\/schema.org\",\"@graph\":[{\"@type\":\"WebSite\",\"@id\":\"https:\/\/www.cacbgi.cat\/#website\",\"url\":\"https:\/\/www.cacbgi.cat\/\",\"name\":\"CACBGI\",\"description\":\"Consorci d&#039;Aig\\u00fces Costa Brava, Girona\",\"potentialAction\":[{\"@type\":\"SearchAction\",\"target\":\"https:\/\/www.cacbgi.cat\/?s={search_term_string}\",\"query-input\":\"required name=search_term_string\"}],\"inLanguage\":\"es\"},{\"@type\":\"ImageObject\",\"@id\":\"https:\/\/www.cacbgi.cat\/es\/serveis\/compost\/#primaryimage\",\"inLanguage\":\"es\",\"url\":\"https:\/\/www.cacbgi.cat\/wp-content\/uploads\/2021\/02\/compost-blanes-2.8dd825d5-150x150.jpg\"},{\"@type\":\"WebPage\",\"@id\":\"https:\/\/www.cacbgi.cat\/es\/serveis\/compost\/#webpage\",\"url\":\"https:\/\/www.cacbgi.cat\/es\/serveis\/compost\/\",\"name\":\"- CACBGI\",\"isPartOf\":{\"@id\":\"https:\/\/www.cacbgi.cat\/#website\"},\"primaryImageOfPage\":{\"@id\":\"https:\/\/www.cacbgi.cat\/es\/serveis\/compost\/#primaryimage\"},\"datePublished\":\"2021-02-26T17:50:35+00:00\",\"dateModified\":\"2021-04-27T12:21:52+00:00\",\"breadcrumb\":{\"@id\":\"https:\/\/www.cacbgi.cat\/es\/serveis\/compost\/#breadcrumb\"},\"inLanguage\":\"es\",\"potentialAction\":[{\"@type\":\"ReadAction\",\"target\":[\"https:\/\/www.cacbgi.cat\/es\/serveis\/compost\/\"]}]},{\"@type\":\"BreadcrumbList\",\"@id\":\"https:\/\/www.cacbgi.cat\/es\/serveis\/compost\/#breadcrumb\",\"itemListElement\":[{\"@type\":\"ListItem\",\"position\":1,\"item\":{\"@type\":\"WebPage\",\"@id\":\"https:\/\/www.cacbgi.cat\/\",\"url\":\"https:\/\/www.cacbgi.cat\/\",\"name\":\"Home\"}},{\"@type\":\"ListItem\",\"position\":2,\"item\":{\"@type\":\"WebPage\",\"@id\":\"https:\/\/www.cacbgi.cat\/serveis\/\",\"url\":\"https:\/\/www.cacbgi.cat\/serveis\/\",\"name\":\"Serveis\"}},{\"@type\":\"ListItem\",\"position\":3,\"item\":{\"@type\":\"WebPage\",\"@id\":\"https:\/\/www.cacbgi.cat\/es\/serveis\/compost\/\",\"url\":\"https:\/\/www.cacbgi.cat\/es\/serveis\/compost\/\",\"name\":\"- CACBGI\"}}]}]}<\/script>\n<!-- \/ Yoast SEO Premium plugin. -->","_links":{"self":[{"href":"https:\/\/www.cacbgi.cat\/es\/wp-json\/wp\/v2\/pages\/3677"}],"collection":[{"href":"https:\/\/www.cacbgi.cat\/es\/wp-json\/wp\/v2\/pages"}],"about":[{"href":"https:\/\/www.cacbgi.cat\/es\/wp-json\/wp\/v2\/types\/page"}],"author":[{"embeddable":true,"href":"https:\/\/www.cacbgi.cat\/es\/wp-json\/wp\/v2\/users\/2"}],"replies":[{"embeddable":true,"href":"https:\/\/www.cacbgi.cat\/es\/wp-json\/wp\/v2\/comments?post=3677"}],"version-history":[{"count":24,"href":"https:\/\/www.cacbgi.cat\/es\/wp-json\/wp\/v2\/pages\/3677\/revisions"}],"predecessor-version":[{"id":4871,"href":"https:\/\/www.cacbgi.cat\/es\/wp-json\/wp\/v2\/pages\/3677\/revisions\/4871"}],"up":[{"embeddable":true,"href":"https:\/\/www.cacbgi.cat\/es\/wp-json\/wp\/v2\/pages\/33"}],"wp:attachment":[{"href":"https:\/\/www.cacbgi.cat\/es\/wp-json\/wp\/v2\/media?parent=3677"}],"curies":[{"name":"wp","href":"https:\/\/api.w.org\/{rel}","templated":true}]}}