{"id":3692,"date":"2021-02-26T19:00:16","date_gmt":"2021-02-26T18:00:16","guid":{"rendered":"https:\/\/www.cacbgi.cat\/?page_id=3692"},"modified":"2021-04-27T14:57:23","modified_gmt":"2021-04-27T12:57:23","slug":"reutilitzaci-aigues-residuals","status":"publish","type":"page","link":"https:\/\/www.cacbgi.cat\/es\/serveis\/reutilitzaci-aigues-residuals\/","title":{"rendered":""},"content":{"rendered":"<div data-elementor-type=\"wp-page\" data-elementor-id=\"3692\" class=\"elementor elementor-3692\" data-elementor-post-type=\"page\">\n\t\t\t\t\t\t<div class=\"elementor-inner\">\n\t\t\t\t<div class=\"elementor-section-wrap\">\n\t\t\t\t\t\t\t\t\t<section data-particle_enable=\"false\" data-particle-mobile-disabled=\"false\" class=\"elementor-section elementor-top-section elementor-element elementor-element-53a2ce95 elementor-section-boxed elementor-section-height-default elementor-section-height-default\" data-id=\"53a2ce95\" data-element_type=\"section\" data-settings=\"{&quot;background_background&quot;:&quot;classic&quot;}\">\n\t\t\t\t\t\t<div class=\"elementor-container elementor-column-gap-default\">\n\t\t\t\t\t\t\t<div class=\"elementor-row\">\n\t\t\t\t\t<div data-dce-background-color=\"#009DE2\" class=\"elementor-column elementor-col-50 elementor-top-column elementor-element elementor-element-56a9eae1\" data-id=\"56a9eae1\" data-element_type=\"column\" data-settings=\"{&quot;background_background&quot;:&quot;classic&quot;}\">\n\t\t\t<div class=\"elementor-column-wrap elementor-element-populated\">\n\t\t\t\t\t\t\t<div class=\"elementor-widget-wrap\">\n\t\t\t\t\t\t<div class=\"elementor-element elementor-element-5e875a51 elementor-widget elementor-widget-text-editor\" data-id=\"5e875a51\" data-element_type=\"widget\" data-widget_type=\"text-editor.default\">\n\t\t\t\t<div class=\"elementor-widget-container\">\n\t\t\t\t\t\t\t\t<div class=\"elementor-text-editor elementor-clearfix\">\n\t\t\t\t<p class=\"headline mb-4\"><strong>Reutilizaci\u00f3n de aguas residuales<\/strong><\/p>\t\t\t\t\t<\/div>\n\t\t\t\t\t\t<\/div>\n\t\t\t\t<\/div>\n\t\t\t\t\t\t<\/div>\n\t\t\t\t\t<\/div>\n\t\t<\/div>\n\t\t\t\t<div data-dce-background-color=\"#009DE2\" class=\"elementor-column elementor-col-50 elementor-top-column elementor-element elementor-element-10acf78a\" data-id=\"10acf78a\" data-element_type=\"column\" data-settings=\"{&quot;background_background&quot;:&quot;classic&quot;}\">\n\t\t\t<div class=\"elementor-column-wrap\">\n\t\t\t\t\t\t\t<div class=\"elementor-widget-wrap\">\n\t\t\t\t\t\t\t\t<\/div>\n\t\t\t\t\t<\/div>\n\t\t<\/div>\n\t\t\t\t\t\t\t\t<\/div>\n\t\t\t\t\t<\/div>\n\t\t<\/section>\n\t\t\t\t<section data-particle_enable=\"false\" data-particle-mobile-disabled=\"false\" class=\"elementor-section elementor-top-section elementor-element elementor-element-56e69010 elementor-section-boxed elementor-section-height-default elementor-section-height-default\" data-id=\"56e69010\" data-element_type=\"section\">\n\t\t\t\t\t\t<div class=\"elementor-container elementor-column-gap-default\">\n\t\t\t\t\t\t\t<div class=\"elementor-row\">\n\t\t\t\t\t<div data-dce-background-color=\"#FFFFFF\" class=\"elementor-column elementor-col-100 elementor-top-column elementor-element elementor-element-7a4b94ac\" data-id=\"7a4b94ac\" data-element_type=\"column\" data-settings=\"{&quot;background_background&quot;:&quot;classic&quot;}\">\n\t\t\t<div class=\"elementor-column-wrap elementor-element-populated\">\n\t\t\t\t\t\t\t<div class=\"elementor-widget-wrap\">\n\t\t\t\t\t\t<section data-particle_enable=\"false\" data-particle-mobile-disabled=\"false\" class=\"elementor-section elementor-inner-section elementor-element elementor-element-4d34dfed elementor-section-boxed elementor-section-height-default elementor-section-height-default\" data-id=\"4d34dfed\" data-element_type=\"section\">\n\t\t\t\t\t\t<div class=\"elementor-container elementor-column-gap-default\">\n\t\t\t\t\t\t\t<div class=\"elementor-row\">\n\t\t\t\t\t<div class=\"elementor-column elementor-col-50 elementor-inner-column elementor-element elementor-element-4fd6b25f\" data-id=\"4fd6b25f\" data-element_type=\"column\">\n\t\t\t<div class=\"elementor-column-wrap elementor-element-populated\">\n\t\t\t\t\t\t\t<div class=\"elementor-widget-wrap\">\n\t\t\t\t\t\t<div class=\"elementor-element elementor-element-7c525025 elementor-widget elementor-widget-text-editor\" data-id=\"7c525025\" data-element_type=\"widget\" data-widget_type=\"text-editor.default\">\n\t\t\t\t<div class=\"elementor-widget-container\">\n\t\t\t\t\t\t\t\t<div class=\"elementor-text-editor elementor-clearfix\">\n\t\t\t\t<div class=\"col-lg-12 col-xl-5\"><div class=\"col-xl-5 pb-3 pb-xl-0\">El agua regenerada es agua residual depurada que recibe un tratamiento adicional. Esta agua es \u00f3ptima para usos industriales, municipales, agr\u00edcolas y ambientales, as\u00ed como para el riego de campos de golf y la recarga de acu\u00edferos. De esta manera se contribuye un ahorro de los recursos h\u00eddricos pues la reutilizaci\u00f3n de agua es el primer y mejor recurso que se dispone para luchar contra la sequ\u00eda.<\/div><div>\u00a0<\/div><\/div><div>El Consorcio de Aguas Costa Brava Girona dispone de 14 tratamientos terciarios en las EDARs de Portbou, Colera, Llan\u00e7\u00e0, Port de la Selva, Cadaqu\u00e9s, Roses, Castell\u00f3 d'Emp\u00faries, L'Escala, Torroella de Montgr\u00ed, Pals, Castillo de Aro, Tossa de Mar, Lloret de Mar y Blanes.<\/div>\t\t\t\t\t<\/div>\n\t\t\t\t\t\t<\/div>\n\t\t\t\t<\/div>\n\t\t\t\t\t\t<\/div>\n\t\t\t\t\t<\/div>\n\t\t<\/div>\n\t\t\t\t<div class=\"elementor-column elementor-col-50 elementor-inner-column elementor-element elementor-element-44e11ce\" data-id=\"44e11ce\" data-element_type=\"column\">\n\t\t\t<div class=\"elementor-column-wrap elementor-element-populated\">\n\t\t\t\t\t\t\t<div class=\"elementor-widget-wrap\">\n\t\t\t\t\t\t<div class=\"elementor-element elementor-element-7ae4696 elementor-widget elementor-widget-image-gallery\" data-id=\"7ae4696\" data-element_type=\"widget\" data-widget_type=\"image-gallery.default\">\n\t\t\t\t<div class=\"elementor-widget-container\">\n\t\t\t\t\t<div class=\"elementor-image-gallery\">\n\t\t\t<div id='gallery-1' class='gallery galleryid-3692 gallery-columns-3 gallery-size-thumbnail'><figure class='gallery-item'>\n\t\t\t<div class='gallery-icon landscape'>\n\t\t\t\t<a data-elementor-open-lightbox=\"yes\" data-elementor-lightbox-slideshow=\"7ae4696\" data-elementor-lightbox-title=\"reutilitzaci\u00f3-aigua-residual-2.7991c0b1\" data-e-action-hash=\"#elementor-action%3Aaction%3Dlightbox%26settings%3DeyJpZCI6MzY5NSwidXJsIjoiaHR0cHM6XC9cL3d3dy5jYWNiZ2kuY2F0XC93cC1jb250ZW50XC91cGxvYWRzXC8yMDIxXC8wMlwvcmV1dGlsaXR6YWNpby1haWd1YS1yZXNpZHVhbC0yLjc5OTFjMGIxLmpwZyIsInNsaWRlc2hvdyI6IjdhZTQ2OTYifQ%3D%3D\" href='https:\/\/www.cacbgi.cat\/wp-content\/uploads\/2021\/02\/reutilitzacio-aigua-residual-2.7991c0b1.jpg'><img width=\"150\" height=\"150\" src=\"https:\/\/www.cacbgi.cat\/wp-content\/uploads\/2021\/02\/reutilitzacio-aigua-residual-2.7991c0b1-150x150.jpg\" class=\"attachment-thumbnail size-thumbnail\" alt=\"reutilitzaci\u00f3 aigua residual\" decoding=\"async\" loading=\"lazy\" \/><\/a>\n\t\t\t<\/div><\/figure><figure class='gallery-item'>\n\t\t\t<div class='gallery-icon landscape'>\n\t\t\t\t<a data-elementor-open-lightbox=\"yes\" data-elementor-lightbox-slideshow=\"7ae4696\" data-elementor-lightbox-title=\"reutilitzaci\u00f3-aigua-residual.df44f1f5\" data-e-action-hash=\"#elementor-action%3Aaction%3Dlightbox%26settings%3DeyJpZCI6MzY5NiwidXJsIjoiaHR0cHM6XC9cL3d3dy5jYWNiZ2kuY2F0XC93cC1jb250ZW50XC91cGxvYWRzXC8yMDIxXC8wMlwvcmV1dGlsaXR6YWNpby1haWd1YS1yZXNpZHVhbC5kZjQ0ZjFmNS5qcGciLCJzbGlkZXNob3ciOiI3YWU0Njk2In0%3D\" href='https:\/\/www.cacbgi.cat\/wp-content\/uploads\/2021\/02\/reutilitzacio-aigua-residual.df44f1f5.jpg'><img width=\"150\" height=\"150\" src=\"https:\/\/www.cacbgi.cat\/wp-content\/uploads\/2021\/02\/reutilitzacio-aigua-residual.df44f1f5-150x150.jpg\" class=\"attachment-thumbnail size-thumbnail\" alt=\"reutilitzaci\u00f3 aigua residual\" decoding=\"async\" loading=\"lazy\" \/><\/a>\n\t\t\t<\/div><\/figure>\n\t\t<\/div>\n\t\t<\/div>\n\t\t\t\t<\/div>\n\t\t\t\t<\/div>\n\t\t\t\t\t\t<\/div>\n\t\t\t\t\t<\/div>\n\t\t<\/div>\n\t\t\t\t\t\t\t\t<\/div>\n\t\t\t\t\t<\/div>\n\t\t<\/section>\n\t\t\t\t<div class=\"elementor-element elementor-element-10e5631 elementor-widget elementor-widget-text-editor\" data-id=\"10e5631\" data-element_type=\"widget\" data-widget_type=\"text-editor.default\">\n\t\t\t\t<div class=\"elementor-widget-container\">\n\t\t\t\t\t\t\t\t<div class=\"elementor-text-editor elementor-clearfix\">\n\t\t\t\t<p>El a\u00f1o 2019, el Consorcio de Aguas Costa Brava Girona depur\u00f3 30.014.067 m<sup>3<\/sup> de agua residual. El 12% del volumen anual del agua depurada ha sido tratado en las instalaciones de tratamiento terciario y posteriormente suministrado a los diferentes usuarios como agua regenerada. Este volumen que se produce en funci\u00f3n de la demanda de los usuarios, ha sido de 3.688.166 m<sup>3<\/sup>.<\/p>\t\t\t\t\t<\/div>\n\t\t\t\t\t\t<\/div>\n\t\t\t\t<\/div>\n\t\t\t\t<div class=\"elementor-element elementor-element-fa415da dce_masking-none elementor-widget elementor-widget-image\" data-id=\"fa415da\" data-element_type=\"widget\" data-widget_type=\"image.default\">\n\t\t\t\t<div class=\"elementor-widget-container\">\n\t\t\t\t\t\t\t\t<div class=\"elementor-image\">\n\t\t\t\t\t\t\t\t\t\t\t\t\t<a href=\"https:\/\/www.cacbgi.cat\/wp-content\/uploads\/2021\/02\/grafica1.png\" data-elementor-open-lightbox=\"yes\" data-elementor-lightbox-title=\"grafica1\" data-e-action-hash=\"#elementor-action%3Aaction%3Dlightbox%26settings%3DeyJpZCI6MzY5OCwidXJsIjoiaHR0cHM6XC9cL3d3dy5jYWNiZ2kuY2F0XC93cC1jb250ZW50XC91cGxvYWRzXC8yMDIxXC8wMlwvZ3JhZmljYTEucG5nIn0%3D\">\n\t\t\t\t\t\t\t<img decoding=\"async\" width=\"594\" height=\"314\" src=\"https:\/\/www.cacbgi.cat\/wp-content\/uploads\/2021\/02\/grafica1.png\" class=\"attachment-medium_large size-medium_large wp-image-3698\" alt=\"\" loading=\"lazy\" srcset=\"https:\/\/www.cacbgi.cat\/wp-content\/uploads\/2021\/02\/grafica1.png 594w, https:\/\/www.cacbgi.cat\/wp-content\/uploads\/2021\/02\/grafica1-300x159.png 300w, https:\/\/www.cacbgi.cat\/wp-content\/uploads\/2021\/02\/grafica1-16x8.png 16w\" sizes=\"(max-width: 594px) 100vw, 594px\" \/>\t\t\t\t\t\t\t\t<\/a>\n\t\t\t\t\t\t\t\t\t\t\t\t\t\t<\/div>\n\t\t\t\t\t\t<\/div>\n\t\t\t\t<\/div>\n\t\t\t\t<div class=\"elementor-element elementor-element-71100e5 elementor-widget elementor-widget-text-editor\" data-id=\"71100e5\" data-element_type=\"widget\" data-widget_type=\"text-editor.default\">\n\t\t\t\t<div class=\"elementor-widget-container\">\n\t\t\t\t\t\t\t\t<div class=\"elementor-text-editor elementor-clearfix\">\n\t\t\t\t<p>Los principales usos del agua regenerada han sido los siguientes: 9,1% uso de riego agr\u00edcola, 51% uso ambiental (aportaci\u00f3n a r\u00edos y arroyos), 32,6% uso recreativo (campos de golf y pitch &amp; putt), 4, 2% uso urbano (riego de jardines municipales) y 3,3% uso interno en las EDARs.<\/p>\t\t\t\t\t<\/div>\n\t\t\t\t\t\t<\/div>\n\t\t\t\t<\/div>\n\t\t\t\t\t\t<\/div>\n\t\t\t\t\t<\/div>\n\t\t<\/div>\n\t\t\t\t\t\t\t\t<\/div>\n\t\t\t\t\t<\/div>\n\t\t<\/section>\n\t\t\t\t<section data-particle_enable=\"false\" data-particle-mobile-disabled=\"false\" class=\"elementor-section elementor-top-section elementor-element elementor-element-21aa1be0 elementor-section-boxed elementor-section-height-default elementor-section-height-default\" data-id=\"21aa1be0\" data-element_type=\"section\">\n\t\t\t\t\t\t<div class=\"elementor-container elementor-column-gap-default\">\n\t\t\t\t\t\t\t<div class=\"elementor-row\">\n\t\t\t\t\t<div data-dce-background-color=\"#FFFFFF\" class=\"elementor-column elementor-col-100 elementor-top-column elementor-element elementor-element-2b518060\" data-id=\"2b518060\" data-element_type=\"column\" data-settings=\"{&quot;background_background&quot;:&quot;classic&quot;}\">\n\t\t\t<div class=\"elementor-column-wrap elementor-element-populated\">\n\t\t\t\t\t\t\t<div class=\"elementor-widget-wrap\">\n\t\t\t\t\t\t<div class=\"elementor-element elementor-element-6704977 dce_masking-none elementor-widget elementor-widget-image\" data-id=\"6704977\" data-element_type=\"widget\" data-widget_type=\"image.default\">\n\t\t\t\t<div class=\"elementor-widget-container\">\n\t\t\t\t\t\t\t\t<div class=\"elementor-image\">\n\t\t\t\t\t\t\t\t\t\t\t\t\t<a href=\"https:\/\/www.cacbgi.cat\/wp-content\/uploads\/2021\/02\/grafica2.png\" data-elementor-open-lightbox=\"yes\" data-elementor-lightbox-title=\"grafica2\" data-e-action-hash=\"#elementor-action%3Aaction%3Dlightbox%26settings%3DeyJpZCI6MzY5NywidXJsIjoiaHR0cHM6XC9cL3d3dy5jYWNiZ2kuY2F0XC93cC1jb250ZW50XC91cGxvYWRzXC8yMDIxXC8wMlwvZ3JhZmljYTIucG5nIn0%3D\">\n\t\t\t\t\t\t\t<img decoding=\"async\" width=\"591\" height=\"312\" src=\"https:\/\/www.cacbgi.cat\/wp-content\/uploads\/2021\/02\/grafica2.png\" class=\"attachment-large size-large wp-image-3697\" alt=\"\" loading=\"lazy\" srcset=\"https:\/\/www.cacbgi.cat\/wp-content\/uploads\/2021\/02\/grafica2.png 591w, https:\/\/www.cacbgi.cat\/wp-content\/uploads\/2021\/02\/grafica2-300x158.png 300w, https:\/\/www.cacbgi.cat\/wp-content\/uploads\/2021\/02\/grafica2-16x8.png 16w\" sizes=\"(max-width: 591px) 100vw, 591px\" \/>\t\t\t\t\t\t\t\t<\/a>\n\t\t\t\t\t\t\t\t\t\t\t\t\t\t<\/div>\n\t\t\t\t\t\t<\/div>\n\t\t\t\t<\/div>\n\t\t\t\t<div class=\"elementor-element elementor-element-56fe3d36 elementor-widget-divider--view-line elementor-widget elementor-widget-divider\" data-id=\"56fe3d36\" data-element_type=\"widget\" data-widget_type=\"divider.default\">\n\t\t\t\t<div class=\"elementor-widget-container\">\n\t\t\t\t\t<div class=\"elementor-divider\">\n\t\t\t<span class=\"elementor-divider-separator\">\n\t\t\t\t\t\t<\/span>\n\t\t<\/div>\n\t\t\t\t<\/div>\n\t\t\t\t<\/div>\n\t\t\t\t\t\t<\/div>\n\t\t\t\t\t<\/div>\n\t\t<\/div>\n\t\t\t\t\t\t\t\t<\/div>\n\t\t\t\t\t<\/div>\n\t\t<\/section>\n\t\t\t\t\t\t\t\t\t<\/div>\n\t\t\t<\/div>\n\t\t\t\t\t<\/div>","protected":false},"excerpt":{"rendered":"<p>Reutilitzaci\u00f3 d&#8217;aig\u00fces residuals L\u2019aigua regenerada \u00e9s aigua residual depurada que rep un tractament addicional. Aquesta aigua \u00e9s \u00f2ptima per a usos industrials, municipals, agr\u00edcoles i ambientals, aix\u00ed com per al reg de camps de golf i la rec\u00e0rrega d\u2019aq\u00fc\u00edfers. D\u2019aquesta manera es contribueix un estalvi dels recursos h\u00eddrics doncs la reutilitzaci\u00f3 d&#8217;aigua \u00e9s el primer [&hellip;]<\/p>","protected":false},"author":2,"featured_media":0,"parent":33,"menu_order":0,"comment_status":"closed","ping_status":"closed","template":"","meta":[],"acf":[],"yoast_head":"<!-- This site is optimized with the Yoast SEO Premium plugin v15.9.1 - https:\/\/yoast.com\/wordpress\/plugins\/seo\/ -->\n<title>- CACBGI<\/title>\n<link rel=\"canonical\" href=\"https:\/\/www.cacbgi.cat\/es\/serveis\/reutilitzaci-aigues-residuals\/\" \/>\n<meta property=\"og:locale\" content=\"es_ES\" \/>\n<meta property=\"og:type\" content=\"article\" \/>\n<meta property=\"og:title\" content=\"- CACBGI\" \/>\n<meta property=\"og:description\" content=\"Reutilitzaci\u00f3 d&#8217;aig\u00fces residuals L\u2019aigua regenerada \u00e9s aigua residual depurada que rep un tractament addicional. Aquesta aigua \u00e9s \u00f2ptima per a usos industrials, municipals, agr\u00edcoles i ambientals, aix\u00ed com per al reg de camps de golf i la rec\u00e0rrega d\u2019aq\u00fc\u00edfers. D\u2019aquesta manera es contribueix un estalvi dels recursos h\u00eddrics doncs la reutilitzaci\u00f3 d&#8217;aigua \u00e9s el primer [&hellip;]\" \/>\n<meta property=\"og:url\" content=\"https:\/\/www.cacbgi.cat\/es\/serveis\/reutilitzaci-aigues-residuals\/\" \/>\n<meta property=\"og:site_name\" content=\"CACBGI\" \/>\n<meta property=\"article:modified_time\" content=\"2021-04-27T12:57:23+00:00\" \/>\n<meta property=\"og:image\" content=\"https:\/\/www.cacbgi.cat\/wp-content\/uploads\/2021\/02\/reutilitzacio-aigua-residual-2.7991c0b1-150x150.jpg\" \/>\n<meta name=\"twitter:card\" content=\"summary_large_image\" \/>\n<meta name=\"twitter:label1\" content=\"Tiempo de lectura\">\n\t<meta name=\"twitter:data1\" content=\"1 minuto\">\n<script type=\"application\/ld+json\" class=\"yoast-schema-graph\">{\"@context\":\"https:\/\/schema.org\",\"@graph\":[{\"@type\":\"WebSite\",\"@id\":\"https:\/\/www.cacbgi.cat\/#website\",\"url\":\"https:\/\/www.cacbgi.cat\/\",\"name\":\"CACBGI\",\"description\":\"Consorci d&#039;Aig\\u00fces Costa Brava, Girona\",\"potentialAction\":[{\"@type\":\"SearchAction\",\"target\":\"https:\/\/www.cacbgi.cat\/?s={search_term_string}\",\"query-input\":\"required name=search_term_string\"}],\"inLanguage\":\"es\"},{\"@type\":\"ImageObject\",\"@id\":\"https:\/\/www.cacbgi.cat\/serveis\/reutilitzaci-aigues-residuals\/#primaryimage\",\"inLanguage\":\"es\",\"url\":\"https:\/\/www.cacbgi.cat\/wp-content\/uploads\/2021\/02\/reutilitzacio-aigua-residual-2.7991c0b1-150x150.jpg\"},{\"@type\":\"WebPage\",\"@id\":\"https:\/\/www.cacbgi.cat\/serveis\/reutilitzaci-aigues-residuals\/#webpage\",\"url\":\"https:\/\/www.cacbgi.cat\/serveis\/reutilitzaci-aigues-residuals\/\",\"name\":\"- CACBGI\",\"isPartOf\":{\"@id\":\"https:\/\/www.cacbgi.cat\/#website\"},\"primaryImageOfPage\":{\"@id\":\"https:\/\/www.cacbgi.cat\/serveis\/reutilitzaci-aigues-residuals\/#primaryimage\"},\"datePublished\":\"2021-02-26T18:00:16+00:00\",\"dateModified\":\"2021-04-27T12:57:23+00:00\",\"breadcrumb\":{\"@id\":\"https:\/\/www.cacbgi.cat\/serveis\/reutilitzaci-aigues-residuals\/#breadcrumb\"},\"inLanguage\":\"es\",\"potentialAction\":[{\"@type\":\"ReadAction\",\"target\":[\"https:\/\/www.cacbgi.cat\/serveis\/reutilitzaci-aigues-residuals\/\"]}]},{\"@type\":\"BreadcrumbList\",\"@id\":\"https:\/\/www.cacbgi.cat\/serveis\/reutilitzaci-aigues-residuals\/#breadcrumb\",\"itemListElement\":[{\"@type\":\"ListItem\",\"position\":1,\"item\":{\"@type\":\"WebPage\",\"@id\":\"https:\/\/www.cacbgi.cat\/\",\"url\":\"https:\/\/www.cacbgi.cat\/\",\"name\":\"Home\"}},{\"@type\":\"ListItem\",\"position\":2,\"item\":{\"@type\":\"WebPage\",\"@id\":\"https:\/\/www.cacbgi.cat\/serveis\/\",\"url\":\"https:\/\/www.cacbgi.cat\/serveis\/\",\"name\":\"Serveis\"}},{\"@type\":\"ListItem\",\"position\":3,\"item\":{\"@type\":\"WebPage\",\"@id\":\"https:\/\/www.cacbgi.cat\/serveis\/reutilitzaci-aigues-residuals\/\",\"url\":\"https:\/\/www.cacbgi.cat\/serveis\/reutilitzaci-aigues-residuals\/\",\"name\":\"- CACBGI\"}}]}]}<\/script>\n<!-- \/ Yoast SEO Premium plugin. -->","_links":{"self":[{"href":"https:\/\/www.cacbgi.cat\/es\/wp-json\/wp\/v2\/pages\/3692"}],"collection":[{"href":"https:\/\/www.cacbgi.cat\/es\/wp-json\/wp\/v2\/pages"}],"about":[{"href":"https:\/\/www.cacbgi.cat\/es\/wp-json\/wp\/v2\/types\/page"}],"author":[{"embeddable":true,"href":"https:\/\/www.cacbgi.cat\/es\/wp-json\/wp\/v2\/users\/2"}],"replies":[{"embeddable":true,"href":"https:\/\/www.cacbgi.cat\/es\/wp-json\/wp\/v2\/comments?post=3692"}],"version-history":[{"count":12,"href":"https:\/\/www.cacbgi.cat\/es\/wp-json\/wp\/v2\/pages\/3692\/revisions"}],"predecessor-version":[{"id":4890,"href":"https:\/\/www.cacbgi.cat\/es\/wp-json\/wp\/v2\/pages\/3692\/revisions\/4890"}],"up":[{"embeddable":true,"href":"https:\/\/www.cacbgi.cat\/es\/wp-json\/wp\/v2\/pages\/33"}],"wp:attachment":[{"href":"https:\/\/www.cacbgi.cat\/es\/wp-json\/wp\/v2\/media?parent=3692"}],"curies":[{"name":"wp","href":"https:\/\/api.w.org\/{rel}","templated":true}]}}