{"id":4872,"date":"2021-04-27T14:39:43","date_gmt":"2021-04-27T12:39:43","guid":{"rendered":"https:\/\/www.cacbgi.cat\/?page_id=4872"},"modified":"2021-04-28T11:43:44","modified_gmt":"2021-04-28T09:43:44","slug":"4872-2","status":"publish","type":"page","link":"https:\/\/www.cacbgi.cat\/es\/serveis\/4872-2\/","title":{"rendered":""},"content":{"rendered":"<div data-elementor-type=\"wp-page\" data-elementor-id=\"4872\" class=\"elementor elementor-4872\" data-elementor-post-type=\"page\">\n\t\t\t\t\t\t<div class=\"elementor-inner\">\n\t\t\t\t<div class=\"elementor-section-wrap\">\n\t\t\t\t\t\t\t\t\t<section data-particle_enable=\"false\" data-particle-mobile-disabled=\"false\" class=\"elementor-section elementor-top-section elementor-element elementor-element-53a2ce95 elementor-section-boxed elementor-section-height-default elementor-section-height-default\" data-id=\"53a2ce95\" data-element_type=\"section\" data-settings=\"{&quot;background_background&quot;:&quot;classic&quot;}\">\n\t\t\t\t\t\t<div class=\"elementor-container elementor-column-gap-default\">\n\t\t\t\t\t\t\t<div class=\"elementor-row\">\n\t\t\t\t\t<div data-dce-background-color=\"#009DE2\" class=\"elementor-column elementor-col-50 elementor-top-column elementor-element elementor-element-56a9eae1\" data-id=\"56a9eae1\" data-element_type=\"column\" data-settings=\"{&quot;background_background&quot;:&quot;classic&quot;}\">\n\t\t\t<div class=\"elementor-column-wrap elementor-element-populated\">\n\t\t\t\t\t\t\t<div class=\"elementor-widget-wrap\">\n\t\t\t\t\t\t<div class=\"elementor-element elementor-element-5e875a51 elementor-widget elementor-widget-text-editor\" data-id=\"5e875a51\" data-element_type=\"widget\" data-widget_type=\"text-editor.default\">\n\t\t\t\t<div class=\"elementor-widget-container\">\n\t\t\t\t\t\t\t\t<div class=\"elementor-text-editor elementor-clearfix\">\n\t\t\t\t<p class=\"headline mb-4\"><strong>Veh\u00edculos de bajas emisiones<\/strong><\/p>\t\t\t\t\t<\/div>\n\t\t\t\t\t\t<\/div>\n\t\t\t\t<\/div>\n\t\t\t\t\t\t<\/div>\n\t\t\t\t\t<\/div>\n\t\t<\/div>\n\t\t\t\t<div data-dce-background-color=\"#009DE2\" class=\"elementor-column elementor-col-50 elementor-top-column elementor-element elementor-element-10acf78a\" data-id=\"10acf78a\" data-element_type=\"column\" data-settings=\"{&quot;background_background&quot;:&quot;classic&quot;}\">\n\t\t\t<div class=\"elementor-column-wrap\">\n\t\t\t\t\t\t\t<div class=\"elementor-widget-wrap\">\n\t\t\t\t\t\t\t\t<\/div>\n\t\t\t\t\t<\/div>\n\t\t<\/div>\n\t\t\t\t\t\t\t\t<\/div>\n\t\t\t\t\t<\/div>\n\t\t<\/section>\n\t\t\t\t<section data-particle_enable=\"false\" data-particle-mobile-disabled=\"false\" class=\"elementor-section elementor-top-section elementor-element elementor-element-56e69010 elementor-section-boxed elementor-section-height-default elementor-section-height-default\" data-id=\"56e69010\" data-element_type=\"section\">\n\t\t\t\t\t\t<div class=\"elementor-container elementor-column-gap-default\">\n\t\t\t\t\t\t\t<div class=\"elementor-row\">\n\t\t\t\t\t<div data-dce-background-color=\"#FFFFFF\" class=\"elementor-column elementor-col-100 elementor-top-column elementor-element elementor-element-7a4b94ac\" data-id=\"7a4b94ac\" data-element_type=\"column\" data-settings=\"{&quot;background_background&quot;:&quot;classic&quot;}\">\n\t\t\t<div class=\"elementor-column-wrap elementor-element-populated\">\n\t\t\t\t\t\t\t<div class=\"elementor-widget-wrap\">\n\t\t\t\t\t\t<section data-particle_enable=\"false\" data-particle-mobile-disabled=\"false\" class=\"elementor-section elementor-inner-section elementor-element elementor-element-4d34dfed elementor-section-boxed elementor-section-height-default elementor-section-height-default\" data-id=\"4d34dfed\" data-element_type=\"section\">\n\t\t\t\t\t\t<div class=\"elementor-container elementor-column-gap-default\">\n\t\t\t\t\t\t\t<div class=\"elementor-row\">\n\t\t\t\t\t<div class=\"elementor-column elementor-col-50 elementor-inner-column elementor-element elementor-element-4fd6b25f\" data-id=\"4fd6b25f\" data-element_type=\"column\">\n\t\t\t<div class=\"elementor-column-wrap elementor-element-populated\">\n\t\t\t\t\t\t\t<div class=\"elementor-widget-wrap\">\n\t\t\t\t\t\t<div class=\"elementor-element elementor-element-7c525025 elementor-widget elementor-widget-text-editor\" data-id=\"7c525025\" data-element_type=\"widget\" data-widget_type=\"text-editor.default\">\n\t\t\t\t<div class=\"elementor-widget-container\">\n\t\t\t\t\t\t\t\t<div class=\"elementor-text-editor elementor-clearfix\">\n\t\t\t\t<div class=\"col-lg-12 col-xl-5\"><div class=\"col-xl-5 pb-3 pb-xl-0\"><div class=\"col-xl-5 pb-3 pb-xl-0\"><p class=\"text-justify\">L\u2019ambientalitzaci\u00f3 de la flota de vehicles adscrits als serveis del Consorci d\u2019Aig\u00fces Costa Brava Girona \u00e9s tamb\u00e9 una de les prioritats a l\u2019hora de disminuir les emissions atmosf\u00e8riques.<\/p><p class=\"text-justify\">Per aquest motiu s\u2019ha renovat la flota de vehicles substituint els vehicles de gasoil per vehicles h\u00edbrids i el\u00e8ctrics ambientalment m\u00e9s sostenibles.<\/p><p>Pel qu\u00e8 fa el Servei d&#8217;Abastament, aquesta renovaci\u00f3 de la flota dels vehicles respon a la necessitat de complir amb el seu <strong>comprom\u00eds d\u2019assolir un nivell d\u2019emissions de di\u00f2xid de carboni associades als consums energ\u00e8tics directes inferior a 1 g CO2\/m3<\/strong> subministrat en termes anuals. Una vegada feta la contractaci\u00f3 d\u2019energia 100% renovable per a les necessitats de les instal\u00b7lacions del servei d\u2019abastament en alta, la renovaci\u00f3 de la flota \u00e9s la que ha de permetre a l\u2019empresa explotadora, la UTE Abastament Consorci Costa Brava, l\u2019assoliment d\u2019un valor tan baix d\u2019emissions de CO2.<\/p><\/div><\/div><\/div>\t\t\t\t\t<\/div>\n\t\t\t\t\t\t<\/div>\n\t\t\t\t<\/div>\n\t\t\t\t\t\t<\/div>\n\t\t\t\t\t<\/div>\n\t\t<\/div>\n\t\t\t\t<div class=\"elementor-column elementor-col-50 elementor-inner-column elementor-element elementor-element-44e11ce\" data-id=\"44e11ce\" data-element_type=\"column\">\n\t\t\t<div class=\"elementor-column-wrap elementor-element-populated\">\n\t\t\t\t\t\t\t<div class=\"elementor-widget-wrap\">\n\t\t\t\t\t\t<div class=\"elementor-element elementor-element-397584da elementor-widget elementor-widget-gallery\" data-id=\"397584da\" data-element_type=\"widget\" data-settings=\"{&quot;columns&quot;:1,&quot;gap&quot;:{&quot;unit&quot;:&quot;px&quot;,&quot;size&quot;:3,&quot;sizes&quot;:[]},&quot;lazyload&quot;:&quot;yes&quot;,&quot;gallery_layout&quot;:&quot;grid&quot;,&quot;columns_tablet&quot;:2,&quot;columns_mobile&quot;:1,&quot;gap_tablet&quot;:{&quot;unit&quot;:&quot;px&quot;,&quot;size&quot;:10,&quot;sizes&quot;:[]},&quot;gap_mobile&quot;:{&quot;unit&quot;:&quot;px&quot;,&quot;size&quot;:10,&quot;sizes&quot;:[]},&quot;link_to&quot;:&quot;file&quot;,&quot;aspect_ratio&quot;:&quot;3:2&quot;,&quot;overlay_background&quot;:&quot;yes&quot;,&quot;content_hover_animation&quot;:&quot;fade-in&quot;}\" data-widget_type=\"gallery.default\">\n\t\t\t\t<div class=\"elementor-widget-container\">\n\t\t\t\t\t<div class=\"elementor-gallery__container\">\n\t\t\t\t\t\t\t<a class=\"e-gallery-item elementor-gallery-item elementor-animated-content\" href=\"https:\/\/www.cacbgi.cat\/wp-content\/uploads\/2021\/04\/Vehicles-CBS-6-1-scaled.jpg\" data-elementor-open-lightbox=\"yes\" data-elementor-lightbox-title=\"Vehicles CBS (6)\" data-e-action-hash=\"#elementor-action%3Aaction%3Dlightbox%26settings%3DeyJpZCI6NDg5NiwidXJsIjoiaHR0cHM6XC9cL3d3dy5jYWNiZ2kuY2F0XC93cC1jb250ZW50XC91cGxvYWRzXC8yMDIxXC8wNFwvVmVoaWNsZXMtQ0JTLTYtMS1zY2FsZWQuanBnIn0%3D\">\n\t\t\t\t\t<div class=\"e-gallery-image elementor-gallery-item__image\" data-thumbnail=\"https:\/\/www.cacbgi.cat\/wp-content\/uploads\/2021\/04\/Vehicles-CBS-6-1-300x199.jpg\" data-width=\"300\" data-height=\"199\" aria-label=\"vehicles el\u00e8ctrics\" role=\"img\" ><\/div>\n\t\t\t\t\t\t\t\t\t\t\t<div class=\"elementor-gallery-item__overlay\"><\/div>\n\t\t\t\t\t\t\t\t\t\t\t\t\t\t<\/a>\n\t\t\t\t\t\t\t<a class=\"e-gallery-item elementor-gallery-item elementor-animated-content\" href=\"https:\/\/www.cacbgi.cat\/wp-content\/uploads\/2021\/04\/CBN-IMG-3970-1-scaled.jpg\" data-elementor-open-lightbox=\"yes\" data-elementor-lightbox-title=\"CBN IMG-3970\" data-e-action-hash=\"#elementor-action%3Aaction%3Dlightbox%26settings%3DeyJpZCI6NDg5OCwidXJsIjoiaHR0cHM6XC9cL3d3dy5jYWNiZ2kuY2F0XC93cC1jb250ZW50XC91cGxvYWRzXC8yMDIxXC8wNFwvQ0JOLUlNRy0zOTcwLTEtc2NhbGVkLmpwZyJ9\">\n\t\t\t\t\t<div class=\"e-gallery-image elementor-gallery-item__image\" data-thumbnail=\"https:\/\/www.cacbgi.cat\/wp-content\/uploads\/2021\/04\/CBN-IMG-3970-1-300x191.jpg\" data-width=\"300\" data-height=\"191\" aria-label=\"vehicles el\u00e8ctrics\" role=\"img\" ><\/div>\n\t\t\t\t\t\t\t\t\t\t\t<div class=\"elementor-gallery-item__overlay\"><\/div>\n\t\t\t\t\t\t\t\t\t\t\t\t\t\t<\/a>\n\t\t\t\t\t\t\t<a class=\"e-gallery-item elementor-gallery-item elementor-animated-content\" href=\"https:\/\/www.cacbgi.cat\/wp-content\/uploads\/2021\/04\/CBC-IMG_3376-1-scaled.jpg\" data-elementor-open-lightbox=\"yes\" data-elementor-lightbox-title=\"CBC IMG_3376\" data-e-action-hash=\"#elementor-action%3Aaction%3Dlightbox%26settings%3DeyJpZCI6NDg5NywidXJsIjoiaHR0cHM6XC9cL3d3dy5jYWNiZ2kuY2F0XC93cC1jb250ZW50XC91cGxvYWRzXC8yMDIxXC8wNFwvQ0JDLUlNR18zMzc2LTEtc2NhbGVkLmpwZyJ9\">\n\t\t\t\t\t<div class=\"e-gallery-image elementor-gallery-item__image\" data-thumbnail=\"https:\/\/www.cacbgi.cat\/wp-content\/uploads\/2021\/04\/CBC-IMG_3376-1-300x189.jpg\" data-width=\"300\" data-height=\"189\" aria-label=\"vehicles el\u00e8ctrics\" role=\"img\" ><\/div>\n\t\t\t\t\t\t\t\t\t\t\t<div class=\"elementor-gallery-item__overlay\"><\/div>\n\t\t\t\t\t\t\t\t\t\t\t\t\t\t<\/a>\n\t\t\t\t\t<\/div>\n\t\t\t<\/div>\n\t\t\t\t<\/div>\n\t\t\t\t\t\t<\/div>\n\t\t\t\t\t<\/div>\n\t\t<\/div>\n\t\t\t\t\t\t\t\t<\/div>\n\t\t\t\t\t<\/div>\n\t\t<\/section>\n\t\t\t\t\t\t<\/div>\n\t\t\t\t\t<\/div>\n\t\t<\/div>\n\t\t\t\t\t\t\t\t<\/div>\n\t\t\t\t\t<\/div>\n\t\t<\/section>\n\t\t\t\t<section data-particle_enable=\"false\" data-particle-mobile-disabled=\"false\" class=\"elementor-section elementor-top-section elementor-element elementor-element-21aa1be0 elementor-section-boxed elementor-section-height-default elementor-section-height-default\" data-id=\"21aa1be0\" data-element_type=\"section\">\n\t\t\t\t\t\t<div class=\"elementor-container elementor-column-gap-default\">\n\t\t\t\t\t\t\t<div class=\"elementor-row\">\n\t\t\t\t\t<div data-dce-background-color=\"#FFFFFF\" class=\"elementor-column elementor-col-100 elementor-top-column elementor-element elementor-element-2b518060\" data-id=\"2b518060\" data-element_type=\"column\" data-settings=\"{&quot;background_background&quot;:&quot;classic&quot;}\">\n\t\t\t<div class=\"elementor-column-wrap elementor-element-populated\">\n\t\t\t\t\t\t\t<div class=\"elementor-widget-wrap\">\n\t\t\t\t\t\t<div class=\"elementor-element elementor-element-56fe3d36 elementor-widget-divider--view-line elementor-widget elementor-widget-divider\" data-id=\"56fe3d36\" data-element_type=\"widget\" data-widget_type=\"divider.default\">\n\t\t\t\t<div class=\"elementor-widget-container\">\n\t\t\t\t\t<div class=\"elementor-divider\">\n\t\t\t<span class=\"elementor-divider-separator\">\n\t\t\t\t\t\t<\/span>\n\t\t<\/div>\n\t\t\t\t<\/div>\n\t\t\t\t<\/div>\n\t\t\t\t\t\t<\/div>\n\t\t\t\t\t<\/div>\n\t\t<\/div>\n\t\t\t\t\t\t\t\t<\/div>\n\t\t\t\t\t<\/div>\n\t\t<\/section>\n\t\t\t\t\t\t\t\t\t<\/div>\n\t\t\t<\/div>\n\t\t\t\t\t<\/div>","protected":false},"excerpt":{"rendered":"<p>Vehicles de baixes emissions L\u2019ambientalitzaci\u00f3 de la flota de vehicles adscrits als serveis del Consorci d\u2019Aig\u00fces Costa Brava Girona \u00e9s tamb\u00e9 una de les prioritats a l\u2019hora de disminuir les emissions atmosf\u00e8riques. Per aquest motiu s\u2019ha renovat la flota de vehicles substituint els vehicles de gasoil per vehicles h\u00edbrids i el\u00e8ctrics ambientalment m\u00e9s sostenibles. Pel [&hellip;]<\/p>","protected":false},"author":2,"featured_media":0,"parent":33,"menu_order":0,"comment_status":"closed","ping_status":"closed","template":"","meta":[],"acf":[],"yoast_head":"<!-- This site is optimized with the Yoast SEO Premium plugin v15.9.1 - https:\/\/yoast.com\/wordpress\/plugins\/seo\/ -->\n<title>- CACBGI<\/title>\n<link rel=\"canonical\" href=\"https:\/\/www.cacbgi.cat\/es\/serveis\/4872-2\/\" \/>\n<meta property=\"og:locale\" content=\"es_ES\" \/>\n<meta property=\"og:type\" content=\"article\" \/>\n<meta property=\"og:title\" content=\"- CACBGI\" \/>\n<meta property=\"og:description\" content=\"Vehicles de baixes emissions L\u2019ambientalitzaci\u00f3 de la flota de vehicles adscrits als serveis del Consorci d\u2019Aig\u00fces Costa Brava Girona \u00e9s tamb\u00e9 una de les prioritats a l\u2019hora de disminuir les emissions atmosf\u00e8riques. Per aquest motiu s\u2019ha renovat la flota de vehicles substituint els vehicles de gasoil per vehicles h\u00edbrids i el\u00e8ctrics ambientalment m\u00e9s sostenibles. Pel [&hellip;]\" \/>\n<meta property=\"og:url\" content=\"https:\/\/www.cacbgi.cat\/es\/serveis\/4872-2\/\" \/>\n<meta property=\"og:site_name\" content=\"CACBGI\" \/>\n<meta property=\"article:modified_time\" content=\"2021-04-28T09:43:44+00:00\" \/>\n<meta name=\"twitter:card\" content=\"summary_large_image\" \/>\n<meta name=\"twitter:label1\" content=\"Tiempo de lectura\">\n\t<meta name=\"twitter:data1\" content=\"1 minuto\">\n<script type=\"application\/ld+json\" class=\"yoast-schema-graph\">{\"@context\":\"https:\/\/schema.org\",\"@graph\":[{\"@type\":\"WebSite\",\"@id\":\"https:\/\/www.cacbgi.cat\/#website\",\"url\":\"https:\/\/www.cacbgi.cat\/\",\"name\":\"CACBGI\",\"description\":\"Consorci d&#039;Aig\\u00fces Costa Brava, Girona\",\"potentialAction\":[{\"@type\":\"SearchAction\",\"target\":\"https:\/\/www.cacbgi.cat\/?s={search_term_string}\",\"query-input\":\"required name=search_term_string\"}],\"inLanguage\":\"es\"},{\"@type\":\"WebPage\",\"@id\":\"https:\/\/www.cacbgi.cat\/serveis\/4872-2\/#webpage\",\"url\":\"https:\/\/www.cacbgi.cat\/serveis\/4872-2\/\",\"name\":\"- CACBGI\",\"isPartOf\":{\"@id\":\"https:\/\/www.cacbgi.cat\/#website\"},\"datePublished\":\"2021-04-27T12:39:43+00:00\",\"dateModified\":\"2021-04-28T09:43:44+00:00\",\"breadcrumb\":{\"@id\":\"https:\/\/www.cacbgi.cat\/serveis\/4872-2\/#breadcrumb\"},\"inLanguage\":\"es\",\"potentialAction\":[{\"@type\":\"ReadAction\",\"target\":[\"https:\/\/www.cacbgi.cat\/serveis\/4872-2\/\"]}]},{\"@type\":\"BreadcrumbList\",\"@id\":\"https:\/\/www.cacbgi.cat\/serveis\/4872-2\/#breadcrumb\",\"itemListElement\":[{\"@type\":\"ListItem\",\"position\":1,\"item\":{\"@type\":\"WebPage\",\"@id\":\"https:\/\/www.cacbgi.cat\/\",\"url\":\"https:\/\/www.cacbgi.cat\/\",\"name\":\"Home\"}},{\"@type\":\"ListItem\",\"position\":2,\"item\":{\"@type\":\"WebPage\",\"@id\":\"https:\/\/www.cacbgi.cat\/serveis\/\",\"url\":\"https:\/\/www.cacbgi.cat\/serveis\/\",\"name\":\"Serveis\"}},{\"@type\":\"ListItem\",\"position\":3,\"item\":{\"@type\":\"WebPage\",\"@id\":\"https:\/\/www.cacbgi.cat\/serveis\/4872-2\/\",\"url\":\"https:\/\/www.cacbgi.cat\/serveis\/4872-2\/\",\"name\":\"- CACBGI\"}}]}]}<\/script>\n<!-- \/ Yoast SEO Premium plugin. -->","_links":{"self":[{"href":"https:\/\/www.cacbgi.cat\/es\/wp-json\/wp\/v2\/pages\/4872"}],"collection":[{"href":"https:\/\/www.cacbgi.cat\/es\/wp-json\/wp\/v2\/pages"}],"about":[{"href":"https:\/\/www.cacbgi.cat\/es\/wp-json\/wp\/v2\/types\/page"}],"author":[{"embeddable":true,"href":"https:\/\/www.cacbgi.cat\/es\/wp-json\/wp\/v2\/users\/2"}],"replies":[{"embeddable":true,"href":"https:\/\/www.cacbgi.cat\/es\/wp-json\/wp\/v2\/comments?post=4872"}],"version-history":[{"count":16,"href":"https:\/\/www.cacbgi.cat\/es\/wp-json\/wp\/v2\/pages\/4872\/revisions"}],"predecessor-version":[{"id":4913,"href":"https:\/\/www.cacbgi.cat\/es\/wp-json\/wp\/v2\/pages\/4872\/revisions\/4913"}],"up":[{"embeddable":true,"href":"https:\/\/www.cacbgi.cat\/es\/wp-json\/wp\/v2\/pages\/33"}],"wp:attachment":[{"href":"https:\/\/www.cacbgi.cat\/es\/wp-json\/wp\/v2\/media?parent=4872"}],"curies":[{"name":"wp","href":"https:\/\/api.w.org\/{rel}","templated":true}]}}